{"id":1524,"date":"2018-12-25T10:58:17","date_gmt":"2018-12-25T07:58:17","guid":{"rendered":"http:\/\/www.akademikidea.org\/a-kitap\/?page_id=1524"},"modified":"2024-03-04T14:24:39","modified_gmt":"2024-03-04T11:24:39","slug":"topluluk-ilkeleri","status":"publish","type":"page","link":"https:\/\/www.akademikidea.org\/a-kitap\/akademikidea\/topluluk-ilkeleri\/","title":{"rendered":"Temel Ama\u00e7, De\u011ferler ve \u0130lkeler"},"content":{"rendered":"<p style=\"padding-left: 30px; text-align: right;\"><em><span style=\"color: #ff6600;\"><span style=\"color: #000000;\">&#8220;<\/span>Ger\u00e7ek<\/span>, onu arayanlar\u0131n bulu\u015ftu\u011fu yerdedir.&#8221;<\/em><\/p>\n<p>&nbsp;<\/p>\n<p style=\"text-align: left;\"><strong><span style=\"color: #0f7996; font-family: century gothic; font-size: medium;\">akademik<\/span><span style=\"color: #33cccc; font-family: 'century gothic'; font-size: medium;\">idea<span class=\"idea\" style=\"color: #000000;\">\u00ae<\/span> Toplulu\u011fu<\/span><\/strong>,\u00a0<span style=\"font-family: century gothic; font-size: medium;\">ba\u015far\u0131l\u0131 Y\u00fcksek \u00d6\u011frenim \u00f6\u011frencilerini; <\/span><\/p>\n<ul class=\"n8H08c UVNKR\">\n<li style=\"text-align: left;\"><span style=\"font-family: century gothic; font-size: medium;\">burs ve ayni yard\u0131m \u015feklinde maddi destek ve<\/span><\/li>\n<li style=\"text-align: left;\"><span style=\"font-family: century gothic; font-size: medium;\"><span style=\"font-family: century gothic; font-size: medium;\">ihtiya\u00e7 duyacaklar\u0131 konularda<\/span><\/span>\n<ul>\n<li style=\"text-align: left;\"><span style=\"font-family: century gothic; font-size: medium;\">mentorluk-dan\u0131\u015fmanl\u0131k hizmetleri, ve <\/span><\/li>\n<li style=\"text-align: left;\"><span style=\"font-family: century gothic; font-size: medium;\">mini kurs-seminer-konferans-panel-\u00e7al\u0131\u015ftay gibi etkinliklerle akademik destek vererek<\/span><\/li>\n<\/ul>\n<\/li>\n<\/ul>\n<p><span style=\"font-family: century gothic; font-size: medium;\"><em>donan\u0131ml\u0131<\/em> ve\u00a0\u00a0<em>y\u00fcksek ahl\u00e2ki de\u011ferler<\/em>e sahip\u00a0 birer akademisyen olmaya\u00a0\u00a0\u00f6zendirecek faaliyetlerde bulunmak i\u00e7in, \u00e7ekirde\u011fini deneyimli akademisyenlerin olu\u015fturdu\u011fu, bir imece toplulu\u011fudur. <\/span><\/p>\n<p><span style=\"font-family: century gothic; font-size: medium;\">Temel de\u011ferleri, <em>d\u00fcr\u00fcstl\u00fck<\/em> ve <em>adalet<\/em> olan toplulu\u011fun \u00fcyeleri,<\/span><\/p>\n<ul>\n<li class=\"TYR86d zfr3Q\" dir=\"ltr\" style=\"text-align: left;\"><span style=\"font-family: century gothic; font-size: medium;\">maruz kalmaktan ho\u015flanmayaca\u011f\u0131 bir davran\u0131\u015fta bulunmaz,<\/span><\/li>\n<li class=\"TYR86d zfr3Q\" dir=\"ltr\"><span style=\"font-family: century gothic; font-size: medium;\">toplulu\u011fun ortak fikir ve g\u00f6r\u00fc\u015flerinin \u00f6zg\u00fcrce olu\u015fmas\u0131 i\u00e7in elinden geleni yapar,<\/span><\/li>\n<li class=\"TYR86d zfr3Q\" dir=\"ltr\"><span style=\"font-family: century gothic; font-size: medium;\">uzmanl\u0131k bilgisine dayal\u0131 fikir ve g\u00f6r\u00fc\u015flerini olu\u015ftururken, bilimin \u0131\u015f\u0131\u011f\u0131 d\u0131\u015f\u0131nda hi\u00e7 bir etkenle g\u00fcd\u00fclenmez; bilimsel temeli olmayan \u00f6znel se\u00e7imlerini ve inan\u00e7lar\u0131n\u0131, uzmanl\u0131k bilgisine dayal\u0131 nesnel fikir ve g\u00f6r\u00fc\u015flerinden ayr\u0131 tutar,<\/span><\/li>\n<li class=\"TYR86d zfr3Q\" dir=\"ltr\"><span style=\"font-family: century gothic; font-size: medium;\">\u00e7\u0131kar \u00e7at\u0131\u015fmalar\u0131n\u0131n taraf\u0131 olmaz,<\/span><\/li>\n<li class=\"TYR86d zfr3Q\" dir=\"ltr\"><span style=\"font-family: century gothic; font-size: medium;\">sahip oldu\u011fu bilgi ve becerileri edinmek isteyen gen\u00e7lere, maddi bir kar\u015f\u0131l\u0131k beklemeden aktarmay\u0131, bu bilgi ve becerilerin as\u0131l kaynaklar\u0131na olan bir vefa borcu olarak alg\u0131lar,<\/span><\/li>\n<li dir=\"ltr\"><span style=\"font-family: century gothic; font-size: medium;\">Bilgi ve becerilerin, a\u00e7\u0131k payla\u015f\u0131mla, daha g\u00fcvenilir nitelik kazanarak artaca\u011f\u0131na\u00a0 inan\u0131r,<\/span><\/li>\n<li dir=\"ltr\"><span style=\"font-family: century gothic; font-size: medium;\">evrensel\u00a0ahl\u00e2ki de\u011fer ve ilkelerden \u00f6d\u00fcn vermez.<\/span><\/li>\n<\/ul>\n<p>&nbsp;<\/p>\n<p><strong>\u0130lgili Yaz\u0131lar<\/strong><\/p>\n<p><a href=\"https:\/\/www.akademikidea.org\/a-kitap\/?p=1541&amp;preview=true\">Saat Ka\u00e7?<\/a><\/p>\n<p>&nbsp;<\/p>\n","protected":false},"excerpt":{"rendered":"<p>&#8220;Ger\u00e7ek, onu arayanlar\u0131n bulu\u015ftu\u011fu yerdedir.&#8221; &nbsp; akademikidea\u00ae Toplulu\u011fu,\u00a0ba\u015far\u0131l\u0131 Y\u00fcksek \u00d6\u011frenim \u00f6\u011frencilerini; burs ve ayni yard\u0131m \u015feklinde maddi destek ve ihtiya\u00e7 duyacaklar\u0131 konularda mentorluk-dan\u0131\u015fmanl\u0131k hizmetleri, ve mini kurs-seminer-konferans-panel-\u00e7al\u0131\u015ftay gibi etkinliklerle akademik destek vererek donan\u0131ml\u0131 ve\u00a0\u00a0y\u00fcksek ahl\u00e2ki de\u011ferlere sahip\u00a0 birer akademisyen olmaya\u00a0\u00a0\u00f6zendirecek faaliyetlerde bulunmak i\u00e7in, \u00e7ekirde\u011fini deneyimli akademisyenlerin olu\u015fturdu\u011fu, bir imece toplulu\u011fudur. Temel de\u011ferleri, d\u00fcr\u00fcstl\u00fck ve adalet&#8230;<\/p>\n","protected":false},"author":4,"featured_media":0,"parent":470,"menu_order":0,"comment_status":"closed","ping_status":"closed","template":"","meta":{"footnotes":""},"class_list":["post-1524","page","type-page","status-publish","hentry"],"_links":{"self":[{"href":"https:\/\/www.akademikidea.org\/a-kitap\/wp-json\/wp\/v2\/pages\/1524","targetHints":{"allow":["GET"]}}],"collection":[{"href":"https:\/\/www.akademikidea.org\/a-kitap\/wp-json\/wp\/v2\/pages"}],"about":[{"href":"https:\/\/www.akademikidea.org\/a-kitap\/wp-json\/wp\/v2\/types\/page"}],"author":[{"embeddable":true,"href":"https:\/\/www.akademikidea.org\/a-kitap\/wp-json\/wp\/v2\/users\/4"}],"replies":[{"embeddable":true,"href":"https:\/\/www.akademikidea.org\/a-kitap\/wp-json\/wp\/v2\/comments?post=1524"}],"version-history":[{"count":31,"href":"https:\/\/www.akademikidea.org\/a-kitap\/wp-json\/wp\/v2\/pages\/1524\/revisions"}],"predecessor-version":[{"id":2433,"href":"https:\/\/www.akademikidea.org\/a-kitap\/wp-json\/wp\/v2\/pages\/1524\/revisions\/2433"}],"up":[{"embeddable":true,"href":"https:\/\/www.akademikidea.org\/a-kitap\/wp-json\/wp\/v2\/pages\/470"}],"wp:attachment":[{"href":"https:\/\/www.akademikidea.org\/a-kitap\/wp-json\/wp\/v2\/media?parent=1524"}],"curies":[{"name":"wp","href":"https:\/\/api.w.org\/{rel}","templated":true}]}}