{"id":1741,"date":"2023-01-23T18:04:21","date_gmt":"2023-01-23T15:04:21","guid":{"rendered":"http:\/\/www.akademikidea.org\/a-kitap\/?page_id=1741"},"modified":"2024-02-21T16:39:09","modified_gmt":"2024-02-21T13:39:09","slug":"yonetim","status":"publish","type":"page","link":"https:\/\/www.akademikidea.org\/a-kitap\/akademikidea\/yonetim\/","title":{"rendered":"Y\u00f6netim"},"content":{"rendered":"<p><span style=\"font-family: century gothic; font-size: medium;\"><a href=\"https:\/\/www.akademikidea.org\/a-kitap\/akademikidea\/topluluk-ilkeleri\/\">Temel amac\u0131, de\u011ferleri ve ilkeleri<\/a><\/span><span style=\"font-family: century gothic; font-size: medium;\">\u00a0g\u00f6z \u00f6n\u00fcne al\u0131nd\u0131\u011f\u0131nda, ticari bir \u015firket bi\u00e7iminde \u00f6rg\u00fctlenemeyece\u011fi a\u00e7\u0131k olan <strong><span style=\"color: #0f7996; font-family: century gothic; font-size: medium;\">akademik<\/span><span style=\"color: #33cccc; font-family: 'century gothic'; font-size: medium;\">idea<span style=\"color: #000000;\">\u00ae<\/span><\/span><\/strong>&#8216;n\u0131n, dernek ya da vak\u0131f bi\u00e7iminde \u00f6rg\u00fctlenmesinin uygun olaca\u011f\u0131 d\u00fc\u015f\u00fcn\u00fclebilir.\u00a0 Ancak, toplam <a href=\"https:\/\/www.akademikidea.org\/a-kitap\/akademikidea\/uyelik\/sorumluluk-ve-yukumlulukler\/\">y\u00f6netici \u00fcye<\/a> say\u0131s\u0131 \u00fcst s\u0131n\u0131r\u0131 12 olan\u00a0<strong><span style=\"color: #0f7996; font-family: century gothic; font-size: medium;\">akademik<\/span><span style=\"color: #33cccc; font-family: 'century gothic'; font-size: medium;\">idea<span style=\"color: #000000;\">\u00ae<\/span><\/span><\/strong>&#8216;n\u0131n \u00f6rg\u00fctlenme ve y\u00f6netim bi\u00e7imi; erki,\u00a0<em>oy birli\u011fi<\/em> ile elinde tutan \u00fcyelerin y\u00f6netime <em>do\u011frudan<\/em> kat\u0131ld\u0131\u011f\u0131 <em>tam ve mutlak demokratik<\/em> bir <em>imece<\/em> \u00f6rg\u00fctlenmesi ve y\u00f6netimidir.\u00a0 <em>Oy \u00e7oklu\u011fu<\/em>nun yeterli oldu\u011fu\u00a0<a href=\"https:\/\/en.wikipedia.org\/wiki\/Absolute_democracy\">mutlak demokratik<\/a>\u00a0bir y\u00f6netim bi\u00e7imi zaten,\u00a0<em>hipotetik<\/em> olarak nitelenmi\u015fken, <em>oy birli\u011fi<\/em> ko\u015fuluna dayal\u0131 <em>tam ve mutlak demokratik<\/em> y\u00f6netim bi\u00e7imi de, ku\u015fkusuz,\u00a0<em>ultra-hipotetik<\/em> olarak nitelenebilir. Ancak\u00a0<strong><span style=\"color: #0f7996; font-family: century gothic; font-size: medium;\">akademik<\/span><span style=\"color: #33cccc; font-family: 'century gothic'; font-size: medium;\">idea<span style=\"color: #000000;\">\u00ae<\/span><\/span><\/strong>, \u00e7o\u011funlu\u011fun\u00a0<em>ultra-hipotetik<\/em> olarak niteleyece\u011fi b\u00f6yle bir \u00f6rg\u00fctlenmenin, ger\u00e7ek d\u00fcnyada k\u00fc\u00e7\u00fck \u00f6l\u00e7ekte bir \u00f6rne\u011fini\u00a0ger\u00e7ekle\u015ftirme \u00e7abas\u0131 i\u00e7inde olacakt\u0131r.<\/span><\/p>\n<p><span style=\"font-family: century gothic; font-size: medium;\">Ba\u015flang\u0131\u00e7 a\u015famas\u0131nda, zorunlu olarak y\u00f6netici konumundaki <a href=\"https:\/\/www.akademikidea.org\/a-kitap\/mustafa-y-ata\/\">kurucu \u00fcye<\/a> taraf\u0131ndan haz\u0131rlanm\u0131\u015f olan\u00a0<strong><span style=\"color: #0f7996; font-family: century gothic; font-size: medium;\">akademik<\/span><span style=\"color: #33cccc; font-family: 'century gothic'; font-size: medium;\">idea<span style=\"color: #000000;\">\u00ae<\/span><\/span><\/strong> <strong>\u00a0<\/strong><a href=\"https:\/\/www.akademikidea.org\/a-kitap\/akademikidea\/kullanicilar-icin\/\">y\u00f6netmeli\u011fi<\/a>nde, &#8220;<em>de\u011fi\u015ftirilmesi teklif edilemeyecek<\/em>&#8221; ya da &#8220;<em>oy birli\u011fi ile de\u011fi\u015ftirilemeyecek<\/em>&#8221; hi\u00e7 bir madde yoktur.<\/span><\/p>\n<p>&nbsp;<\/p>\n<figure id=\"attachment_1555\" aria-describedby=\"caption-attachment-1555\" style=\"width: 300px\" class=\"wp-caption aligncenter\"><a href=\"https:\/\/www.akademikidea.org\/a-kitap\/wp-content\/uploads\/2018\/12\/mece-e1552592579884.png\"><img loading=\"lazy\" decoding=\"async\" class=\"wp-image-1555 size-medium\" src=\"https:\/\/www.akademikidea.org\/a-kitap\/wp-content\/uploads\/2018\/12\/mece-e1552592579884-300x195.png\" alt=\"\" width=\"300\" height=\"195\" srcset=\"https:\/\/www.akademikidea.org\/a-kitap\/wp-content\/uploads\/2018\/12\/mece-e1552592579884-300x195.png 300w, https:\/\/www.akademikidea.org\/a-kitap\/wp-content\/uploads\/2018\/12\/mece-e1552592579884.png 661w\" sizes=\"auto, (max-width: 300px) 100vw, 300px\" \/><\/a><figcaption id=\"caption-attachment-1555\" class=\"wp-caption-text\">Hasano\u011flan K\u00f6y Enstit\u00fcs\u00fc \u00f6\u011frencileri kendi okullar\u0131n\u0131 kendi imkanlar\u0131 ile in\u015fa ediyor. 1941<\/figcaption><\/figure>\n","protected":false},"excerpt":{"rendered":"<p>Temel amac\u0131, de\u011ferleri ve ilkeleri\u00a0g\u00f6z \u00f6n\u00fcne al\u0131nd\u0131\u011f\u0131nda, ticari bir \u015firket bi\u00e7iminde \u00f6rg\u00fctlenemeyece\u011fi a\u00e7\u0131k olan akademikidea\u00ae&#8216;n\u0131n, dernek ya da vak\u0131f bi\u00e7iminde \u00f6rg\u00fctlenmesinin uygun olaca\u011f\u0131 d\u00fc\u015f\u00fcn\u00fclebilir.\u00a0 Ancak, toplam y\u00f6netici \u00fcye say\u0131s\u0131 \u00fcst s\u0131n\u0131r\u0131 12 olan\u00a0akademikidea\u00ae&#8216;n\u0131n \u00f6rg\u00fctlenme ve y\u00f6netim bi\u00e7imi; erki,\u00a0oy birli\u011fi ile elinde tutan \u00fcyelerin y\u00f6netime do\u011frudan kat\u0131ld\u0131\u011f\u0131 tam ve mutlak demokratik bir imece \u00f6rg\u00fctlenmesi ve y\u00f6netimidir.\u00a0&#8230;<\/p>\n","protected":false},"author":4,"featured_media":0,"parent":470,"menu_order":0,"comment_status":"closed","ping_status":"closed","template":"","meta":{"footnotes":""},"class_list":["post-1741","page","type-page","status-publish","hentry"],"_links":{"self":[{"href":"https:\/\/www.akademikidea.org\/a-kitap\/wp-json\/wp\/v2\/pages\/1741","targetHints":{"allow":["GET"]}}],"collection":[{"href":"https:\/\/www.akademikidea.org\/a-kitap\/wp-json\/wp\/v2\/pages"}],"about":[{"href":"https:\/\/www.akademikidea.org\/a-kitap\/wp-json\/wp\/v2\/types\/page"}],"author":[{"embeddable":true,"href":"https:\/\/www.akademikidea.org\/a-kitap\/wp-json\/wp\/v2\/users\/4"}],"replies":[{"embeddable":true,"href":"https:\/\/www.akademikidea.org\/a-kitap\/wp-json\/wp\/v2\/comments?post=1741"}],"version-history":[{"count":9,"href":"https:\/\/www.akademikidea.org\/a-kitap\/wp-json\/wp\/v2\/pages\/1741\/revisions"}],"predecessor-version":[{"id":1941,"href":"https:\/\/www.akademikidea.org\/a-kitap\/wp-json\/wp\/v2\/pages\/1741\/revisions\/1941"}],"up":[{"embeddable":true,"href":"https:\/\/www.akademikidea.org\/a-kitap\/wp-json\/wp\/v2\/pages\/470"}],"wp:attachment":[{"href":"https:\/\/www.akademikidea.org\/a-kitap\/wp-json\/wp\/v2\/media?parent=1741"}],"curies":[{"name":"wp","href":"https:\/\/api.w.org\/{rel}","templated":true}]}}