{"id":1780,"date":"2023-01-24T12:08:00","date_gmt":"2023-01-24T09:08:00","guid":{"rendered":"http:\/\/www.akademikidea.org\/a-kitap\/?page_id=1780"},"modified":"2023-11-21T16:42:29","modified_gmt":"2023-11-21T13:42:29","slug":"sorumluluk-ve-yukumlulukler","status":"publish","type":"page","link":"https:\/\/www.akademikidea.org\/a-kitap\/akademikidea\/uyelik\/sorumluluk-ve-yukumlulukler\/","title":{"rendered":"Sorumluluk ve Y\u00fck\u00fcml\u00fcl\u00fckler"},"content":{"rendered":"<p><span style=\"font-family: century gothic; font-size: medium;\">Toplulu\u011fun amac\u0131, de\u011ferleri ve ilkeleri do\u011frultusunda<\/span><\/p>\n<ul>\n<li><span style=\"font-family: 'century gothic'; font-size: medium;\"><span style=\"color: #3366ff;\"><strong>y\u00f6netici \u00fcye<\/strong><\/span>ler,\u00a0<\/span><span style=\"font-family: 'century gothic'; font-size: medium;\">edit\u00f6r-yazar ve yorumcu \u00fcyeler i\u00e7in belirlenen sorumluluk ve y\u00fck\u00fcml\u00fcl\u00fcklere ek olarak,<\/span><span style=\"font-family: century gothic; font-size: medium;\">\u00a0<\/span>\n<ul>\n<li><span style=\"font-family: century gothic; font-size: medium;\"><em>ayni ve fikri-bedeni<\/em>\u00a0katk\u0131larla do\u011frudan sa\u011flanamayan mal ve hizmetler i\u00e7in Y\u00f6netim&#8217;in yapaca\u011f\u0131\u00a0ayl\u0131k nakdi cari gider harcamalar\u0131n\u0131 aralar\u0131nda e\u015fit olarak payla\u015f\u0131r;<\/span><\/li>\n<li><span style=\"font-family: century gothic; font-size: medium;\">edit\u00f6r \u00fcyelik ba\u015fvurular\u0131n\u0131 de\u011ferlendirir.<\/span><\/li>\n<\/ul>\n<\/li>\n<li><span style=\"font-family: 'century gothic'; font-size: medium;\"><span style=\"color: #3366ff;\"><strong>edit\u00f6r \u00fcye<\/strong><\/span>ler,\u00a0<\/span><span style=\"font-family: 'century gothic'; font-size: medium;\">yazar ve yorumcu \u00fcyeler i\u00e7in belirlenen sorumluluk ve y\u00fck\u00fcml\u00fcl\u00fcklere ek olarak;<\/span>\n<ul>\n<li><span style=\"font-family: century gothic; font-size: medium;\"><span style=\"font-family: century gothic; font-size: medium;\"><strong><span style=\"color: #0f7996; font-family: century gothic; font-size: medium;\">akademik<\/span><span style=\"color: #33cccc; font-family: 'century gothic'; font-size: medium;\">idea<span class=\"idea\" style=\"color: #000000;\">\u00ae<\/span><\/span><\/strong>&#8216;dan burs alan,<\/span><\/span>\n<ul>\n<li><span style=\"font-family: century gothic; font-size: medium;\">en az bir \u00f6\u011frencinin sponsorlu\u011funu &#8211;\u00a0<\/span><span style=\"font-family: century gothic; font-size: medium;\">mentorlu\u011funu &#8211; dan\u0131\u015fmanl\u0131\u011f\u0131n\u0131 \u00fcstlenir;<\/span><\/li>\n<li><span style=\"font-family: century gothic; font-size: medium;\">\u00f6\u011frencilerin ihtiya\u00e7 duyaca\u011f\u0131 konularda mini ders, \u00e7al\u0131\u015ftay ve seminer gibi etkinlikler d\u00fczenler\u00a0<\/span><\/li>\n<\/ul>\n<\/li>\n<li><span class=\"ak\"><span style=\"font-family: century gothic; font-size: medium;\">a\u00e7\u0131k genel bilgi kayna\u011f\u0131na,<\/span><\/span>\n<ul>\n<li><span class=\"ak\"><span style=\"font-family: century gothic; font-size: medium;\"><span style=\"font-family: century gothic; font-size: medium;\">\u00a0<strong>a-<\/strong><\/span><strong><span class=\"idea\">ders<\/span><\/strong>\u00a0ortam\u0131nda\u00a0<i>ders i\u00e7eri\u011fi <\/i>olu\u015fturarak\u00a0\u00a0<\/span><\/span><\/li>\n<li><span class=\"ak\"><span style=\"font-family: century gothic; font-size: medium;\">\u00a0<strong><span class=\"ak\">a-<\/span><\/strong><span class=\"idea\"><strong>kitap<\/strong>\u00a0 \u00a0 <\/span>ortam\u0131nda yay\u0131nlanacak\u00a0<i>kitap ve makaleleri<\/i>\u00a0onaylayarak katk\u0131da bulunur<\/span><\/span><\/li>\n<\/ul>\n<\/li>\n<li><span class=\"ak\"><span style=\"font-family: century gothic; font-size: medium;\">yazar \u00fcyelik ba\u015fvurular\u0131n\u0131 de\u011ferlendirir.<\/span><\/span><\/li>\n<\/ul>\n<\/li>\n<li><span style=\"font-family: 'century gothic'; font-size: medium;\"><span style=\"color: #3366ff;\"><strong>yazar \u00fcye<\/strong><\/span>ler,<\/span><span style=\"font-family: 'century gothic'; font-size: medium;\">\u00a0yorumcu \u00fcyeler i\u00e7in belirlenen sorumluluk ve y\u00fck\u00fcml\u00fcl\u00fcklere ek olarak;<\/span>\n<ul>\n<li><span class=\"ak\"><span style=\"font-family: century gothic; font-size: medium;\">a\u00e7\u0131k genel bilgi kayna\u011f\u0131na,<\/span><\/span>\n<ul>\n<li><span class=\"ak\"><span style=\"font-family: century gothic; font-size: medium;\"><strong><span class=\"ak\">a-<\/span><\/strong><span class=\"idea\"><strong>kitap<\/strong>\u00a0<\/span>ortam\u0131nda,\u00a0\u00a0<i>kitap &#8211; makale;<\/i><\/span><\/span><\/li>\n<li><span class=\"ak\"><span style=\"font-family: century gothic; font-size: medium;\"><strong><span class=\"ak\">a-s<\/span><span class=\"idea\">ohbet<\/span><\/strong>\u00a0ortam\u0131nda,\u00a0<em>makale tasla\u011f\u0131<\/em> \u00a0yay\u0131nlayarak ve yap\u0131lan yorumlar\u0131 onaylayarak katk\u0131da bulunur. <\/span><\/span><\/li>\n<\/ul>\n<\/li>\n<li><span class=\"ak\"><span style=\"font-family: century gothic; font-size: medium;\">yorumcu \u00fcyelik ba\u015fvurular\u0131n\u0131 de\u011ferlendirir.<\/span><\/span><\/li>\n<\/ul>\n<\/li>\n<li><span style=\"font-family: 'century gothic'; font-size: medium;\"><span style=\"color: #3366ff;\"><strong>yorumcu \u00fcye<\/strong><\/span>ler<\/span>,\u00a0<strong style=\"font-family: 'century gothic'; font-size: medium;\"><span class=\"ak\">a-s<\/span><span class=\"idea\">ohbet<\/span><\/strong><span style=\"font-family: 'century gothic'; font-size: medium;\">\u00a0ortam\u0131nda yay\u0131nlanm\u0131\u015f\u00a0makale taslaklar\u0131n\u0131\u00a0<em>yorumlar.<\/em><\/span><\/li>\n<\/ul>\n<p>&nbsp;<\/p>\n","protected":false},"excerpt":{"rendered":"<p>Toplulu\u011fun amac\u0131, de\u011ferleri ve ilkeleri do\u011frultusunda y\u00f6netici \u00fcyeler,\u00a0edit\u00f6r-yazar ve yorumcu \u00fcyeler i\u00e7in belirlenen sorumluluk ve y\u00fck\u00fcml\u00fcl\u00fcklere ek olarak,\u00a0 ayni ve fikri-bedeni\u00a0katk\u0131larla do\u011frudan sa\u011flanamayan mal ve hizmetler i\u00e7in Y\u00f6netim&#8217;in yapaca\u011f\u0131\u00a0ayl\u0131k nakdi cari gider harcamalar\u0131n\u0131 aralar\u0131nda e\u015fit olarak payla\u015f\u0131r; edit\u00f6r \u00fcyelik ba\u015fvurular\u0131n\u0131 de\u011ferlendirir. edit\u00f6r \u00fcyeler,\u00a0yazar ve yorumcu \u00fcyeler i\u00e7in belirlenen sorumluluk ve y\u00fck\u00fcml\u00fcl\u00fcklere ek olarak; akademikidea\u00ae&#8216;dan burs&#8230;<\/p>\n","protected":false},"author":4,"featured_media":0,"parent":1762,"menu_order":0,"comment_status":"closed","ping_status":"closed","template":"","meta":{"footnotes":""},"class_list":["post-1780","page","type-page","status-publish","hentry"],"_links":{"self":[{"href":"https:\/\/www.akademikidea.org\/a-kitap\/wp-json\/wp\/v2\/pages\/1780","targetHints":{"allow":["GET"]}}],"collection":[{"href":"https:\/\/www.akademikidea.org\/a-kitap\/wp-json\/wp\/v2\/pages"}],"about":[{"href":"https:\/\/www.akademikidea.org\/a-kitap\/wp-json\/wp\/v2\/types\/page"}],"author":[{"embeddable":true,"href":"https:\/\/www.akademikidea.org\/a-kitap\/wp-json\/wp\/v2\/users\/4"}],"replies":[{"embeddable":true,"href":"https:\/\/www.akademikidea.org\/a-kitap\/wp-json\/wp\/v2\/comments?post=1780"}],"version-history":[{"count":7,"href":"https:\/\/www.akademikidea.org\/a-kitap\/wp-json\/wp\/v2\/pages\/1780\/revisions"}],"predecessor-version":[{"id":1923,"href":"https:\/\/www.akademikidea.org\/a-kitap\/wp-json\/wp\/v2\/pages\/1780\/revisions\/1923"}],"up":[{"embeddable":true,"href":"https:\/\/www.akademikidea.org\/a-kitap\/wp-json\/wp\/v2\/pages\/1762"}],"wp:attachment":[{"href":"https:\/\/www.akademikidea.org\/a-kitap\/wp-json\/wp\/v2\/media?parent=1780"}],"curies":[{"name":"wp","href":"https:\/\/api.w.org\/{rel}","templated":true}]}}