{"id":1849,"date":"2023-01-31T07:41:57","date_gmt":"2023-01-31T04:41:57","guid":{"rendered":"http:\/\/www.akademikidea.org\/a-kitap\/?page_id=1849"},"modified":"2025-11-20T20:15:56","modified_gmt":"2025-11-20T17:15:56","slug":"burs","status":"publish","type":"page","link":"https:\/\/www.akademikidea.org\/a-kitap\/faaliyetler\/burs\/","title":{"rendered":"Maddi Destek"},"content":{"rendered":"<p><span style=\"font-family: century gothic; font-size: medium;\"><strong><span style=\"color: #0f7996; font-family: century gothic; font-size: medium;\">akademik<\/span><span style=\"color: #33cccc; font-family: 'century gothic'; font-size: medium;\">idea<span class=\"idea\" style=\"color: #000000;\">\u00ae<\/span><\/span><\/strong>&#8216;n\u0131n verdi\u011fi hizmetlerden biri de;\u00a0<\/span><\/p>\n<ul>\n<li><span style=\"font-family: century gothic; font-size: medium;\">Ankara&#8217;daki \u00fcniversitelerin matematik, istatistik ve bili\u015fim a\u011f\u0131rl\u0131kl\u0131 lisans programlar\u0131ndan birisinde e\u011fitim g\u00f6rmekte olan,<\/span><\/li>\n<li><span style=\"font-family: century gothic; font-size: medium;\"> T.C. uyruklu, <\/span><\/li>\n<li><span style=\"font-family: century gothic; font-size: medium;\">ba\u015far\u0131l\u0131,<\/span><\/li>\n<li><span style=\"font-family: 'century gothic'; font-size: medium;\">ek maddi deste\u011fe ihtiyac\u0131 olan,<\/span><\/li>\n<li><span style=\"font-family: 'century gothic'; font-size: medium;\">ailesi ve <em>Kredi ve Yurtlar Kurumu<\/em> d\u0131\u015f\u0131nda, her hangi bir kurum, kurulu\u015f, ya da ki\u015fiden maddi destek almayan<\/span>\u00a0<span style=\"font-family: 'century gothic'; font-size: medium;\">\u00f6\u011frencilere,<\/span><\/li>\n<\/ul>\n<p><span style=\"font-family: 'century gothic'; font-size: medium;\">\u00a0<span style=\"font-family: century gothic; font-size: medium;\"><strong><span style=\"color: #0f7996; font-family: century gothic; font-size: medium;\">akademik<\/span><span style=\"color: #33cccc; font-family: 'century gothic'; font-size: medium;\">idea<span class=\"idea\" style=\"color: #000000;\">\u00ae\u00a0<\/span><\/span><\/strong>\u00a0<a href=\"https:\/\/docs.google.com\/document\/d\/16Fx59uZDj-_ML0oFuoTgbgC9H2vrs4Zk2cpDH9Czqbw\/edit?usp=sharing\" target=\"_blank\" rel=\"noopener\"><em><strong>Burs Y\u00f6netmeli\u011fi<\/strong><\/em><\/a>&#8216;nde belirtilen us\u00fbl ve esaslara g\u00f6re,\u00a0 kar\u015f\u0131l\u0131ks\u0131z burs sa\u011flamakt\u0131r.<\/span><\/span><\/p>\n<p><span style=\"font-family: 'century gothic'; font-size: medium;\">\u00a0<span style=\"font-family: century gothic; font-size: medium;\"><strong><span style=\"color: #0f7996; font-family: century gothic; font-size: medium;\">akademik<\/span><span style=\"color: #33cccc; font-family: 'century gothic'; font-size: medium;\">idea<span class=\"idea\" style=\"color: #000000;\">\u00ae Burs Fonu<\/span><\/span><\/strong><span style=\"color: #33cccc; font-family: 'century gothic'; font-size: medium;\"><span class=\"idea\" style=\"color: #000000;\">&#8216;ndaki birikim<\/span><\/span><strong><span style=\"color: #33cccc; font-family: 'century gothic'; font-size: medium;\"><span class=\"idea\" style=\"color: #000000;\">\u00a0<\/span><\/span><\/strong><span style=\"color: #33cccc; font-family: 'century gothic'; font-size: medium;\"><span class=\"idea\" style=\"color: #000000;\">g\u00f6z \u00f6n\u00fcne al\u0131narak belirlenecek\u00a0<\/span><\/span><\/span><\/span><span style=\"font-family: century gothic; font-size: medium;\">burs say\u0131s\u0131 ve miktar\u0131 ile ba\u015fvuru s\u00fcresi ve ko\u015fullar\u0131, her y\u0131l Eyl\u00fcl ay\u0131nda <a href=\"https:\/\/www.akademikidea.org\/a-kitap\/faaliyetler\/burs\/basvuru-kosullari-ve-usulu\/\"><em><strong>Ba\u015fvuru<\/strong><\/em><\/a> sayfas\u0131nda ilan edilir.<\/span><\/p>\n","protected":false},"excerpt":{"rendered":"<p>akademikidea\u00ae&#8216;n\u0131n verdi\u011fi hizmetlerden biri de;\u00a0 Ankara&#8217;daki \u00fcniversitelerin matematik, istatistik ve bili\u015fim a\u011f\u0131rl\u0131kl\u0131 lisans programlar\u0131ndan birisinde e\u011fitim g\u00f6rmekte olan, T.C. uyruklu, ba\u015far\u0131l\u0131, ek maddi deste\u011fe ihtiyac\u0131 olan, ailesi ve Kredi ve Yurtlar Kurumu d\u0131\u015f\u0131nda, her hangi bir kurum, kurulu\u015f, ya da ki\u015fiden maddi destek almayan\u00a0\u00f6\u011frencilere, \u00a0akademikidea\u00ae\u00a0\u00a0Burs Y\u00f6netmeli\u011fi&#8216;nde belirtilen us\u00fbl ve esaslara g\u00f6re,\u00a0 kar\u015f\u0131l\u0131ks\u0131z burs sa\u011flamakt\u0131r. \u00a0akademikidea\u00ae&#8230;<\/p>\n","protected":false},"author":4,"featured_media":0,"parent":1743,"menu_order":60,"comment_status":"closed","ping_status":"closed","template":"","meta":{"footnotes":""},"class_list":["post-1849","page","type-page","status-publish","hentry"],"_links":{"self":[{"href":"https:\/\/www.akademikidea.org\/a-kitap\/wp-json\/wp\/v2\/pages\/1849","targetHints":{"allow":["GET"]}}],"collection":[{"href":"https:\/\/www.akademikidea.org\/a-kitap\/wp-json\/wp\/v2\/pages"}],"about":[{"href":"https:\/\/www.akademikidea.org\/a-kitap\/wp-json\/wp\/v2\/types\/page"}],"author":[{"embeddable":true,"href":"https:\/\/www.akademikidea.org\/a-kitap\/wp-json\/wp\/v2\/users\/4"}],"replies":[{"embeddable":true,"href":"https:\/\/www.akademikidea.org\/a-kitap\/wp-json\/wp\/v2\/comments?post=1849"}],"version-history":[{"count":7,"href":"https:\/\/www.akademikidea.org\/a-kitap\/wp-json\/wp\/v2\/pages\/1849\/revisions"}],"predecessor-version":[{"id":2591,"href":"https:\/\/www.akademikidea.org\/a-kitap\/wp-json\/wp\/v2\/pages\/1849\/revisions\/2591"}],"up":[{"embeddable":true,"href":"https:\/\/www.akademikidea.org\/a-kitap\/wp-json\/wp\/v2\/pages\/1743"}],"wp:attachment":[{"href":"https:\/\/www.akademikidea.org\/a-kitap\/wp-json\/wp\/v2\/media?parent=1849"}],"curies":[{"name":"wp","href":"https:\/\/api.w.org\/{rel}","templated":true}]}}