{"id":1876,"date":"2023-02-07T03:38:52","date_gmt":"2023-02-07T00:38:52","guid":{"rendered":"http:\/\/www.akademikidea.org\/a-kitap\/?page_id=1876"},"modified":"2025-11-20T19:50:02","modified_gmt":"2025-11-20T16:50:02","slug":"basvuru-kosullari-ve-usulu","status":"publish","type":"page","link":"https:\/\/www.akademikidea.org\/a-kitap\/faaliyetler\/burs\/basvuru-kosullari-ve-usulu\/","title":{"rendered":"Ba\u015fvuru"},"content":{"rendered":"<p style=\"text-align: center;\"><span style=\"text-align: center;\"><span style=\"font-family: century gothic; font-size: large;\"><i>\u00a0<\/i><\/span><strong><span style=\"color: #0f7996; font-family: century gothic; font-size: 18px;\">akademik<\/span><span style=\"color: #33cccc; font-family: 'century gothic'; font-size: 18px;\">idea<span class=\"idea\" style=\"color: #000000;\"><sup>\u00ae<\/sup><\/span><\/span><\/strong><\/span><\/p>\n<p style=\"text-align: center;\"><span style=\"text-align: center; font-size: 24px; font-family: 'century gothic'; letter-spacing: -0.17008px;\">\u00a0<strong style=\"font-family: 'century gothic'; font-size: large; letter-spacing: -0.01em;\">Burs Ba\u015fvurular\u0131<\/strong><span style=\"font-family: 'century gothic'; font-size: large; letter-spacing: -0.01em;\">\u00a0\u00a0<\/span><br \/>\n<\/span><\/p>\n<p><span style=\"font-family: century gothic; font-size: medium;\"><em><strong>Ba\u015fvuru S\u00fcresi<\/strong><\/em><strong>:<\/strong><\/span><span style=\"font-family: century gothic; font-size: medium;\"><strong><span style=\"color: #3366ff;\">15.Eyl\u00fcl.2026<\/span><\/strong><\/span><\/p>\n<p><span style=\"font-family: century gothic; font-size: medium;\"><strong><em>Verilecek Burs Say\u0131s\u0131<\/em>:<\/strong><\/span><span style=\"font-family: century gothic; font-size: medium;\"><strong><span style=\"color: #3366ff;\">\u00a01<\/span><\/strong><\/span><\/p>\n<p><span style=\"font-family: century gothic; font-size: medium;\"><em><strong>Ba\u015fvuru Ko\u015fullar\u0131<\/strong><\/em><strong>:<\/strong><\/span><\/p>\n<ul>\n<li><span style=\"font-family: century gothic; font-size: medium;\">Ankara&#8217;daki \u00fcniversitelerin matematik, istatistik ve bili\u015fim a\u011f\u0131rl\u0131kl\u0131 lisans programlar\u0131ndan birisinin kay\u0131tl\u0131 \u00f6\u011frencisi olmak.<\/span><\/li>\n<li><span style=\"font-family: century gothic; font-size: medium;\">T.C. uyruklu olmak.<\/span><\/li>\n<li><span style=\"font-family: century gothic; font-size: medium;\">ailesi ve\u00a0<em>Kredi ve Yurtlar Kurumu<\/em>\u00a0d\u0131\u015f\u0131nda, vak\u0131f, dernek, sendika, meslek kurulu\u015fu ve benzeri kurum ve kurulu\u015flardan her hangi bir maddi destek almamak.<\/span><\/li>\n<li><span style=\"font-family: century gothic; font-size: medium;\">ek maddi deste\u011fe ihtiyac\u0131 olmak.<\/span><\/li>\n<li><span style=\"font-family: century gothic; font-size: medium;\">Ba\u015far\u0131s\u0131zl\u0131k sebebiyle d\u00f6nem veya s\u0131n\u0131f kaybetmemi\u015f olmak.<\/span><\/li>\n<li><span style=\"font-family: century gothic; font-size: medium;\">Ba\u015fvuru i\u00e7in yay\u0131nlanan duyuruda belirtilmi\u015f di\u011fer ko\u015fullar\u0131 sa\u011flamak.<\/span><\/li>\n<li><span style=\"font-family: century gothic; font-size: medium;\">S\u00fcresi i\u00e7inde <em><strong>ba\u015fvuru formu<\/strong><\/em>nu doldurmak.<\/span><\/li>\n<\/ul>\n<p><span style=\"font-family: century gothic; font-size: medium;\"><em><strong>Ba\u015fvuru Formu&#8217;na Eklenecek Belgeler<\/strong><\/em><\/span><\/p>\n<div>\n<ol>\n<li style=\"font-weight: 400;\" aria-level=\"1\"><em><strong>Vesikal\u0131k foto\u011fraf<\/strong><\/em><\/li>\n<li style=\"font-weight: 400;\" aria-level=\"1\"><em><strong>N\u00fcfus c\u00fczdan\u0131 fotokopisi<\/strong><\/em><\/li>\n<li style=\"font-weight: 400;\" aria-level=\"1\"><span style=\"font-weight: 400;\"><em><strong>\u0130kametgah<\/strong><\/em> (e-devlet \u00fczerinden N\u00fcfus ve Vatanda\u015fl\u0131k \u0130\u015fleri Genel M\u00fcd\u00fcrl\u00fc\u011f\u00fc hizmetleri aras\u0131nda bulunan \u201cYerle\u015fim Yeri (\u0130kametgah) ve Di\u011fer Adres Belgesi Sorgulama\u201d \u00e7\u0131kt\u0131s\u0131)\u00a0 \u00a0 \u00a0 \u00a0 \u00a0 \u00a0 \u00a0 \u00a0 \u00a0 \u00a0 \u00a0 \u00a0 \u00a0 \u00a0 \u00a0 \u00a0 \u00a0 \u00a0 \u00a0 \u00a0 \u00a0 \u00a0 \u00a0 \u00a0 \u00a0 \u00a0 \u00a0 \u00a0 \u00a0 <\/span><a style=\"outline-width: 0px;\" href=\"https:\/\/www.turkiye.gov.tr\/nvi-yerlesim-yeri-ve-diger-adres-belgesi-sorgulama\"><i>https:\/\/www.turkiye.gov.tr\/nvi-yerlesim-yeri-ve-diger-adres-belgesi-sorgulama<\/i><\/a><\/li>\n<li style=\"font-weight: 400;\" aria-level=\"1\">Haz\u0131rl\u0131k ya da\u00a0 1. s\u0131n\u0131fa ba\u015flayacak \u00f6\u011frenciler i\u00e7in \u00d6SYM Aday \u0130\u015flemleri Sisteminden <strong><em>TYT\/AYT Sonucu<\/em><\/strong> (TYT\/TYT ve Yerle\u015ftirme Puanlar\u0131 Dahil) <a href=\"https:\/\/ais.osym.gov.tr\/Sonuc\/Listele\"><i><span style=\"font-weight: 400;\">https:\/\/ais.osym.gov.tr\/Sonuc\/Listele<\/span><\/i><\/a><span style=\"font-weight: 400;\">\u00a0<\/span><\/li>\n<li style=\"font-weight: 400;\" aria-level=\"1\"><span style=\"font-weight: 400;\">G\u00fcncel tarihli \u00f6\u011frenci belges<\/span><span style=\"font-weight: 400;\">i\u00a0 \u00a0 \u00a0<\/span><a href=\"https:\/\/www.turkiye.gov.tr\/yok-ogrenci-belgesi-sorgulama\"><i><span style=\"font-weight: 400;\">https:\/\/www.turkiye.gov.tr\/yok-ogrenci-belgesi-sorgulama<\/span><\/i><\/a><\/li>\n<li style=\"font-weight: 400;\" aria-level=\"1\"><span style=\"font-weight: 400;\">Son d\u00f6nem not durumunu belirten belge (transkript) ( Haz\u0131rl\u0131k s\u0131n\u0131f\u0131 ve 1. S\u0131n\u0131fa ba\u015flayan \u00f6\u011frenciler hari\u00e7.)<\/span><\/li>\n<li style=\"font-weight: 400;\" aria-level=\"1\"><span style=\"font-weight: 400;\"><em><strong>\u00d6\u011frenciye ait KYK Burs ve Kredi Bilgileri<\/strong><\/em>\u00a0 e-devlet \u00fczerinden Gen\u00e7lik ve Spor Bakanl\u0131\u011f\u0131 hizmetleri aras\u0131nda bulunan \u201c\u00d6\u011frenim \/ Katk\u0131 Kredisi ve Burs Sorgulama\u201d detay sayfas\u0131\u00a0 \u00a0 \u00a0 \u00a0 \u00a0 \u00a0 \u00a0 \u00a0 \u00a0 \u00a0 \u00a0 \u00a0 \u00a0 \u00a0 \u00a0 \u00a0 \u00a0 \u00a0 \u00a0 \u00a0 \u00a0 \u00a0 \u00a0<\/span><a href=\"https:\/\/www.turkiye.gov.tr\/kyk-ogrenim-katki-kredisi-ve-burs-sorgulama\"><i><span style=\"font-weight: 400;\">https:\/\/www.turkiye.gov.tr\/kyk-ogrenim-katki-kredisi-ve-burs-sorgulama<\/span><\/i><\/a><\/li>\n<li style=\"font-weight: 400;\" aria-level=\"1\"><span style=\"font-weight: 400;\">Ebeveyn taraf\u0131ndan\u00a0e-devletten al\u0131nan ve t\u00fcm aile bireylerini (vefat\/ya\u015fam durumu, karde\u015f say\u0131s\u0131, medeni hali vb.) i\u00e7eren vukuatl\u0131 n\u00fcfus kay\u0131t \u00f6rne\u011fi\u00a0 \u00a0<\/span><\/li>\n<li style=\"font-weight: 400;\" aria-level=\"1\"><span style=\"font-weight: 400;\">\u00d6\u011frenci yurtta kal\u0131yorsa kurum imzal\u0131 yurt belgesi, kiral\u0131k evde kal\u0131yorsa kira kontrat\u0131 fotokopisi\u00a0<\/span><\/li>\n<li style=\"font-weight: 400;\" aria-level=\"1\"><span style=\"font-weight: 400;\">Anne \/ Baba vefat etmi\u015f ise; \u00f6\u011frencinin kendisine ait \u201c4A, 4B ve 4C Ayl\u0131k Bilgisi\u201d (e-devlet \u00fczerinden Sosyal G\u00fcvenlik Kurumu -SGK- hizmetleri aras\u0131nda bulunan \u201c4A, 4B ve 4C Emekli Ayl\u0131k Bilgisi Sorgulama\u201d sayfa \u00e7\u0131kt\u0131lar\u0131)<\/span> <a href=\"https:\/\/www.turkiye.gov.tr\/4a-emekli-aylik-bilgisi\"><i><span style=\"font-weight: 400;\">https:\/\/www.turkiye.gov.tr\/4a-emekli-aylik-bilgisi <\/span><\/i><\/a><a style=\"background-color: #ffffff;\" href=\"https:\/\/www.turkiye.gov.tr\/4b-emekli-aylik-bilgisi\"><i>https:\/\/www.turkiye.gov.tr\/4b-emekli-aylik-bilgisi<\/i><\/a><i>,\u00a0 <\/i><a style=\"background-color: #ffffff;\" href=\"https:\/\/www.turkiye.gov.tr\/4c-emekli-aylik-bilgisi\"><i>https:\/\/www.turkiye.gov.tr\/4c-emekli-aylik-bilgisi<\/i><\/a><\/li>\n<li style=\"font-weight: 400;\" aria-level=\"1\"><em>Anne ve babaya ait SGK Tescil ve Hizmet D\u00f6k\u00fcm\u00fc<\/em> (e-devlet \u00fczerinden Sosyal G\u00fcvenlik Kurumu -SGK- hizmetleri aras\u0131nda bulunan tescil ve hizmet d\u00f6k\u00fcm\u00fc sayfas\u0131nda \u201cT\u00fcm SGK Hizmet D\u00f6k\u00fcm\u00fc\u201d i\u015faretlenerek olu\u015fturulan \u201cBarkodlu Belge\u201d\u00a0\u00a0<a style=\"background-color: #ffffff;\" href=\"https:\/\/www.turkiye.gov.tr\/sgk-tescil-ve-hizmet-dokumu\"><i>https:\/\/www.turkiye.gov.tr\/sgk-tescil-ve-hizmet-dokumu<\/i><\/a><\/li>\n<li style=\"font-weight: 400;\" aria-level=\"1\"><span style=\"font-weight: 400;\">\u00c7al\u0131\u015fan anne ve babaya ait maa\u015f bordrolar\u0131 (Devlet memurlar\u0131 i\u00e7in e-bordro, di\u011fer \u00e7al\u0131\u015fanlar i\u00e7in i\u015f yerlerinden al\u0131nacak g\u00fcncel bordro \u00f6rne\u011fi)<\/span> <a href=\"https:\/\/www.turkiye.gov.tr\/e-bordro-sorgulama\"><i><span style=\"font-weight: 400;\">https:\/\/www.turkiye.gov.tr\/e-bordro-sorgulama<\/span><\/i><\/a><\/li>\n<li style=\"font-weight: 400;\" aria-level=\"1\"><span style=\"font-weight: 400;\">Anne ve baba emekli ise SGK \u201c4A, 4B ve 4C Emekli Ayl\u0131k Bilgisi\u201d (E-devlet \u00fczerinden Sosyal G\u00fcvenlik Kurumu -SGK- hizmetleri aras\u0131nda bulunan \u201c4A, 4B ve 4C Emekli Ayl\u0131k Bilgisi Sorgulama\u201d sayfas\u0131 \u00e7\u0131kt\u0131lar\u0131)<\/span> <a href=\"https:\/\/www.turkiye.gov.tr\/4a-emekli-aylik-bilgisi\"><i><span style=\"font-weight: 400;\">https:\/\/www.turkiye.gov.tr\/4a-emekli-aylik-bilgisi<\/span><\/i><\/a><i><span style=\"font-weight: 400;\">, <\/span><\/i><a href=\"https:\/\/www.turkiye.gov.tr\/4b-emekli-aylik-bilgisi\"><i><span style=\"font-weight: 400;\">https:\/\/www.turkiye.gov.tr\/4b-emekli-aylik-bilgisi<\/span><\/i><\/a><i><span style=\"font-weight: 400;\">, <\/span><\/i><a href=\"https:\/\/www.turkiye.gov.tr\/4c-emekli-aylik-bilgisi\"><i><span style=\"font-weight: 400;\">https:\/\/www.turkiye.gov.tr\/4c-emekli-aylik-bilgisi<\/span><\/i><\/a><span style=\"font-weight: 400;\">\u00a0\u00a0\u00a0\u00a0\u00a0\u00a0\u00a0<\/span><\/li>\n<li style=\"font-weight: 400;\" aria-level=\"1\"><span style=\"font-weight: 400;\">Anne ve babaya ait e-devlet vergi levhas\u0131 (E-devlet \u00fczerinden Gelir \u0130daresi Ba\u015fkanl\u0131\u011f\u0131 -G\u0130B- hizmetleri aras\u0131nda bulunan \u201ce-Vergi Levhas\u0131 Sorgulama\u201d sayfa \u00e7\u0131kt\u0131lar\u0131)<\/span> <a href=\"https:\/\/www.turkiye.gov.tr\/e-vergi-levhas%C4%B1-sorgulama\"><i><span style=\"font-weight: 400;\">https:\/\/www.turkiye.gov.tr\/e-vergi-levhas\u0131-sorgulama<\/span><\/i><\/a><\/li>\n<li style=\"font-weight: 400;\" aria-level=\"1\"><span style=\"font-weight: 400;\">\u00d6\u011frencinin kendisi ile anne ve babas\u0131na ait tapu ta\u015f\u0131nmaz bilgileri (E-devlet \u00fczerinden Tapu ve Kadastro Genel M\u00fcd\u00fcrl\u00fc\u011f\u00fc hizmetleri aras\u0131nda bulunan \u201cTapu Bilgileri Sorgulama\u201d sayfas\u0131ndan isim, soyad\u0131 ve ta\u015f\u0131nmaz listesinin bulundu\u011fu ilk sayfan\u0131n \u00e7\u0131kt\u0131lar\u0131) <\/span><span style=\"font-weight: 400;\">\u00a0<\/span><a href=\"https:\/\/www.turkiye.gov.tr\/tapu-bilgileri-sorgulama\"><i><span style=\"font-weight: 400;\">https:\/\/www.turkiye.gov.tr\/tapu-bilgileri-sorgulama<\/span><\/i><\/a><\/li>\n<li style=\"font-weight: 400;\" aria-level=\"1\"><span style=\"font-weight: 400;\">Ailenin oturdu\u011fu ev kira ise \u201ckira kontrat\u0131\u201d fotokopisi<\/span><\/li>\n<li style=\"font-weight: 400;\" aria-level=\"1\"><span style=\"font-weight: 400;\">\u00d6\u011frencinin kendisi ile anne ve babas\u0131 ad\u0131na tescilli ara\u00e7 bilgileri (E-devlet \u00fczerinden Emniyet Genel M\u00fcd\u00fcrl\u00fc\u011f\u00fc Trafik hizmetleri aras\u0131nda bulunan \u201cAd\u0131ma Tescilli Ara\u00e7 Sorgulama\u201d sayfas\u0131n\u0131n isim g\u00f6r\u00fcnecek \u015fekildeki\u00a0 ekran g\u00f6r\u00fcnt\u00fcs\u00fc)<\/span> <a href=\"https:\/\/www.turkiye.gov.tr\/emniyet-adima-tescilli-arac-sorgulama\"><i><span style=\"font-weight: 400;\">https:\/\/www.turkiye.gov.tr\/emniyet-adima-tescilli-arac-sorgulama<\/span><\/i><\/a><\/li>\n<\/ol>\n<\/div>\n","protected":false},"excerpt":{"rendered":"<p>\u00a0akademikidea\u00ae \u00a0Burs Ba\u015fvurular\u0131\u00a0\u00a0 Ba\u015fvuru S\u00fcresi:15.Eyl\u00fcl.2026 Verilecek Burs Say\u0131s\u0131:\u00a01 Ba\u015fvuru Ko\u015fullar\u0131: Ankara&#8217;daki \u00fcniversitelerin matematik, istatistik ve bili\u015fim a\u011f\u0131rl\u0131kl\u0131 lisans programlar\u0131ndan birisinin kay\u0131tl\u0131 \u00f6\u011frencisi olmak. T.C. uyruklu olmak. ailesi ve\u00a0Kredi ve Yurtlar Kurumu\u00a0d\u0131\u015f\u0131nda, vak\u0131f, dernek, sendika, meslek kurulu\u015fu ve benzeri kurum ve kurulu\u015flardan her hangi bir maddi destek almamak. ek maddi deste\u011fe ihtiyac\u0131 olmak. Ba\u015far\u0131s\u0131zl\u0131k sebebiyle d\u00f6nem&#8230;<\/p>\n","protected":false},"author":4,"featured_media":0,"parent":1849,"menu_order":65,"comment_status":"closed","ping_status":"closed","template":"","meta":{"footnotes":""},"class_list":["post-1876","page","type-page","status-publish","hentry"],"_links":{"self":[{"href":"https:\/\/www.akademikidea.org\/a-kitap\/wp-json\/wp\/v2\/pages\/1876","targetHints":{"allow":["GET"]}}],"collection":[{"href":"https:\/\/www.akademikidea.org\/a-kitap\/wp-json\/wp\/v2\/pages"}],"about":[{"href":"https:\/\/www.akademikidea.org\/a-kitap\/wp-json\/wp\/v2\/types\/page"}],"author":[{"embeddable":true,"href":"https:\/\/www.akademikidea.org\/a-kitap\/wp-json\/wp\/v2\/users\/4"}],"replies":[{"embeddable":true,"href":"https:\/\/www.akademikidea.org\/a-kitap\/wp-json\/wp\/v2\/comments?post=1876"}],"version-history":[{"count":14,"href":"https:\/\/www.akademikidea.org\/a-kitap\/wp-json\/wp\/v2\/pages\/1876\/revisions"}],"predecessor-version":[{"id":2583,"href":"https:\/\/www.akademikidea.org\/a-kitap\/wp-json\/wp\/v2\/pages\/1876\/revisions\/2583"}],"up":[{"embeddable":true,"href":"https:\/\/www.akademikidea.org\/a-kitap\/wp-json\/wp\/v2\/pages\/1849"}],"wp:attachment":[{"href":"https:\/\/www.akademikidea.org\/a-kitap\/wp-json\/wp\/v2\/media?parent=1876"}],"curies":[{"name":"wp","href":"https:\/\/api.w.org\/{rel}","templated":true}]}}