{"id":1894,"date":"2023-02-09T14:43:09","date_gmt":"2023-02-09T11:43:09","guid":{"rendered":"http:\/\/www.akademikidea.org\/a-kitap\/?page_id=1894"},"modified":"2023-02-09T15:09:15","modified_gmt":"2023-02-09T12:09:15","slug":"basvuru","status":"publish","type":"page","link":"https:\/\/www.akademikidea.org\/a-kitap\/faaliyetler\/akademik-destek\/basvuru\/","title":{"rendered":"Ba\u015fvuru"},"content":{"rendered":"<h1><span style=\"font-family: century gothic; font-size: large;\"><strong style=\"font-family: 'century gothic'; font-size: large;\">2022-2023 E\u011fitim-\u00d6\u011fretim Y\u0131l\u0131 Bahar D\u00f6nemi<\/strong>\u00a0<\/span><span style=\"font-family: century gothic; font-size: large;\"><strong><span style=\"color: #0000ff;\">Akademik Destek<\/span> Program\u0131<\/strong>\u00a0 <\/span><\/h1>\n<p><span style=\"font-family: century gothic; font-size: large;\">\u00a0<\/span><span style=\"font-family: century gothic; font-size: medium;\"><em><strong>Ba\u015fvuru S\u00fcresi :\u00a0<\/strong><\/em><strong><span style=\"color: #3366ff;\">15.\u015eubat.2023 Saat 24:00<\/span><\/strong><\/span><\/p>\n<p><em><strong>Akademik Destek Talep Formu\u00a0<\/strong><\/em><\/p>\n","protected":false},"excerpt":{"rendered":"<p>2022-2023 E\u011fitim-\u00d6\u011fretim Y\u0131l\u0131 Bahar D\u00f6nemi\u00a0Akademik Destek Program\u0131\u00a0 \u00a0Ba\u015fvuru S\u00fcresi :\u00a015.\u015eubat.2023 Saat 24:00 Akademik Destek Talep Formu\u00a0<\/p>\n","protected":false},"author":4,"featured_media":0,"parent":1885,"menu_order":75,"comment_status":"closed","ping_status":"closed","template":"","meta":{"footnotes":""},"class_list":["post-1894","page","type-page","status-publish","hentry"],"_links":{"self":[{"href":"https:\/\/www.akademikidea.org\/a-kitap\/wp-json\/wp\/v2\/pages\/1894","targetHints":{"allow":["GET"]}}],"collection":[{"href":"https:\/\/www.akademikidea.org\/a-kitap\/wp-json\/wp\/v2\/pages"}],"about":[{"href":"https:\/\/www.akademikidea.org\/a-kitap\/wp-json\/wp\/v2\/types\/page"}],"author":[{"embeddable":true,"href":"https:\/\/www.akademikidea.org\/a-kitap\/wp-json\/wp\/v2\/users\/4"}],"replies":[{"embeddable":true,"href":"https:\/\/www.akademikidea.org\/a-kitap\/wp-json\/wp\/v2\/comments?post=1894"}],"version-history":[{"count":4,"href":"https:\/\/www.akademikidea.org\/a-kitap\/wp-json\/wp\/v2\/pages\/1894\/revisions"}],"predecessor-version":[{"id":1899,"href":"https:\/\/www.akademikidea.org\/a-kitap\/wp-json\/wp\/v2\/pages\/1894\/revisions\/1899"}],"up":[{"embeddable":true,"href":"https:\/\/www.akademikidea.org\/a-kitap\/wp-json\/wp\/v2\/pages\/1885"}],"wp:attachment":[{"href":"https:\/\/www.akademikidea.org\/a-kitap\/wp-json\/wp\/v2\/media?parent=1894"}],"curies":[{"name":"wp","href":"https:\/\/api.w.org\/{rel}","templated":true}]}}