{"id":2064,"date":"2024-11-27T17:22:44","date_gmt":"2024-11-27T14:22:44","guid":{"rendered":"http:\/\/www.akademikidea.org\/a-kitap\/?page_id=2064"},"modified":"2025-11-20T19:58:43","modified_gmt":"2025-11-20T16:58:43","slug":"istatistik-danismanlik-hizmeti","status":"publish","type":"page","link":"https:\/\/www.akademikidea.org\/a-kitap\/istatistik-danismanlik-hizmeti\/","title":{"rendered":"\u0130statistik Dan\u0131\u015fmanl\u0131k Hizmeti"},"content":{"rendered":"<div class=\"entry-content container\">\n<blockquote><p>Bir deneye ili\u015fkin veriler elde edildikten sonra veri analizi i\u00e7in istatistik\u00e7iye ba\u015fvurmak, ondan \u00f6l\u00fcm sonras\u0131 bir inceleme istemekten ba\u015fka bir \u015fey olmayabilir ve istatistik\u00e7i ancak, deneyin neden bo\u015fa gitmi\u015f olabilece\u011fini s\u00f6yleyebilir.<\/p>\n<p><a href=\"https:\/\/www.akademikidea.org\/a-kitap\/wp-content\/uploads\/2024\/11\/R.A.Fisher.png\"><img loading=\"lazy\" decoding=\"async\" class=\"alignnone size-full wp-image-2245\" src=\"https:\/\/www.akademikidea.org\/a-kitap\/wp-content\/uploads\/2024\/11\/R.A.Fisher.png\" alt=\"\" width=\"63\" height=\"56\" \/><\/a>Profesor Sir Ronald Aymler Fisher FRS (1890 &#8211; 1962)<\/p><\/blockquote>\n<p><span style=\"font-family: 'century gothic';\">Sorumlulu\u011funu \u00fcstlendi\u011finiz <strong><a href=\"https:\/\/www.akademikidea.org\/a-kitap\/bilimce\/#dnysltsrm\" target=\"_blank\" rel=\"noopener\"><span style=\"color: #008080;\"><em>deneysel nicel\u00a0ara\u015ft\u0131rma<\/em><\/span><\/a><\/strong>n\u0131n de\u011ferini d\u00fc\u015f\u00fcrecek hatta t\u00fcm\u00fcyle kaynak israf\u0131 ile sonu\u00e7lanmas\u0131na yol a\u00e7abilecek istatistiki hatalardan;\u00a0 <em><a href=\"https:\/\/www.akademikidea.org\/a-kitap\/docs\/istatistiksel-danismanlik-mesleginin-degerleri-ve-ilkeleri\/#3\" target=\"_blank\" rel=\"noopener\">istatistik meslek de\u011ferleri ve ilkeler<\/a>i<\/em>ne\u00a0sad\u0131k\u00a0<strong><span style=\"color: #0f7996; font-family: century gothic; font-size: medium;\">akademik<\/span><span style=\"color: #33cccc; font-family: 'century gothic'; font-size: medium;\">idea<span class=\"idea\" style=\"color: #000000;\"><sup>\u00ae<\/sup><\/span><\/span><\/strong>\u00a0 dan\u0131\u015fmanlar\u0131n\u0131n sundu\u011fu<\/span><\/p>\n<ul>\n<li><span style=\"font-family: 'century gothic';\"> \u00c7al\u0131\u015fmalar\u0131n\u0131z\u0131n boyutunu do\u011fru bi\u00e7imde belirleyebilmeniz i\u00e7in,<\/span><\/li>\n<\/ul>\n<p style=\"text-align: center;\"><span style=\"font-family: 'century gothic';\"> <a href=\"https:\/\/www.akademikidea.org\/a-kitap\/istatistiksel-danismanlik-hizmeti-arastirma-tasarimi\/\" target=\"_blank\" rel=\"noopener\">Ara\u015ft\u0131rma Tasar\u0131m\u0131<\/a><\/span><\/p>\n<ul>\n<li><span style=\"font-family: 'century gothic';\">Proje \u00f6nerinizi sunmadan \u00f6nce, istatistik analiz plan\u0131n\u0131z\u0131n uygunlu\u011fundan emin olmak i\u00e7in,<\/span><\/li>\n<\/ul>\n<p style=\"text-align: center;\"><span style=\"font-family: 'century gothic';\"> <a href=\"https:\/\/www.akademikidea.org\/a-kitap\/istatistiksel-danismanlik-hizmeti-analiz-plani-incelemesi\/\" target=\"_blank\" rel=\"noopener\">\u0130statistik Analiz Plan\u0131 \u0130ncelemesi<\/a><\/span><\/p>\n<ul>\n<li><span style=\"font-family: 'century gothic';\">Makalenizi sunmadan \u00f6nce, istatistik analizlerin do\u011fru ve uygun yap\u0131ld\u0131\u011f\u0131ndan, istatistik terminolojisinin do\u011fru kullan\u0131ld\u0131\u011f\u0131ndan, ve sonu\u00e7lar\u0131n uygun bi\u00e7imde sunuldu\u011fundan emin olmak i\u00e7in, <\/span><\/li>\n<\/ul>\n<p style=\"text-align: center;\"><span style=\"font-family: 'century gothic';\"><a href=\"https:\/\/www.akademikidea.org\/a-kitap\/istatistiksel-danismanlik-hizmeti-makale-incelemesi\/\" target=\"_blank\" rel=\"noopener\">Sonu\u00e7 B\u00f6l\u00fcm\u00fc \u0130ncelemesi<\/a>\u00a0 <\/span><\/p>\n<ul>\n<li><span style=\"font-family: 'century gothic';\">Size ya da Grubunuza \u00f6zel d\u00fczenlenecek seminerlerde, istatistik terim, teknik, ve yaz\u0131l\u0131mlar\u0131yla ilgili sorular\u0131n\u0131za yan\u0131t almak i\u00e7in, <\/span><\/li>\n<\/ul>\n<p style=\"text-align: center;\"><span style=\"font-family: 'century gothic';\"><a href=\"https:\/\/www.akademikidea.org\/a-kitap\/istatistiksel-danismanlik-hizmeti-egitim\/\" target=\"_blank\" rel=\"noopener\">\u0130statistik E\u011fitim Semineri<\/a> <\/span><\/p>\n<p><span style=\"font-family: 'century gothic';\">hizmetlerinden yararlanarak korunabilirsiniz.<br \/>\n<\/span><\/p>\n<\/div>\n","protected":false},"excerpt":{"rendered":"<p>Bir deneye ili\u015fkin veriler elde edildikten sonra veri analizi i\u00e7in istatistik\u00e7iye ba\u015fvurmak, ondan \u00f6l\u00fcm sonras\u0131 bir inceleme istemekten ba\u015fka bir \u015fey olmayabilir ve istatistik\u00e7i ancak, deneyin neden bo\u015fa gitmi\u015f olabilece\u011fini s\u00f6yleyebilir. Profesor Sir Ronald Aymler Fisher FRS (1890 &#8211; 1962) Sorumlulu\u011funu \u00fcstlendi\u011finiz deneysel nicel\u00a0ara\u015ft\u0131rman\u0131n de\u011ferini d\u00fc\u015f\u00fcrecek hatta t\u00fcm\u00fcyle kaynak israf\u0131 ile sonu\u00e7lanmas\u0131na yol a\u00e7abilecek istatistiki&#8230;<\/p>\n","protected":false},"author":4,"featured_media":0,"parent":0,"menu_order":0,"comment_status":"closed","ping_status":"closed","template":"","meta":{"footnotes":""},"class_list":["post-2064","page","type-page","status-publish","hentry"],"_links":{"self":[{"href":"https:\/\/www.akademikidea.org\/a-kitap\/wp-json\/wp\/v2\/pages\/2064","targetHints":{"allow":["GET"]}}],"collection":[{"href":"https:\/\/www.akademikidea.org\/a-kitap\/wp-json\/wp\/v2\/pages"}],"about":[{"href":"https:\/\/www.akademikidea.org\/a-kitap\/wp-json\/wp\/v2\/types\/page"}],"author":[{"embeddable":true,"href":"https:\/\/www.akademikidea.org\/a-kitap\/wp-json\/wp\/v2\/users\/4"}],"replies":[{"embeddable":true,"href":"https:\/\/www.akademikidea.org\/a-kitap\/wp-json\/wp\/v2\/comments?post=2064"}],"version-history":[{"count":136,"href":"https:\/\/www.akademikidea.org\/a-kitap\/wp-json\/wp\/v2\/pages\/2064\/revisions"}],"predecessor-version":[{"id":2585,"href":"https:\/\/www.akademikidea.org\/a-kitap\/wp-json\/wp\/v2\/pages\/2064\/revisions\/2585"}],"wp:attachment":[{"href":"https:\/\/www.akademikidea.org\/a-kitap\/wp-json\/wp\/v2\/media?parent=2064"}],"curies":[{"name":"wp","href":"https:\/\/api.w.org\/{rel}","templated":true}]}}