{"id":2308,"date":"2024-12-16T16:34:07","date_gmt":"2024-12-16T13:34:07","guid":{"rendered":"http:\/\/www.akademikidea.org\/a-kitap\/?page_id=2308"},"modified":"2025-11-20T19:00:03","modified_gmt":"2025-11-20T16:00:03","slug":"istatistiksel-danismanlik-hizmeti-arastirma-tasarimi","status":"publish","type":"page","link":"https:\/\/www.akademikidea.org\/a-kitap\/istatistiksel-danismanlik-hizmeti-arastirma-tasarimi\/","title":{"rendered":"\u0130statistik Dan\u0131\u015fmanl\u0131k Hizmeti : Ara\u015ft\u0131rma Tasar\u0131m\u0131"},"content":{"rendered":"<p>Bilimsel bir ara\u015ft\u0131rman\u0131n tam en ba\u015f\u0131ndas\u0131n\u0131z; yani, elinizdeki s\u0131n\u0131rl\u0131 kaynaklar\u0131 kullanarak \u00e7\u00f6z\u00fcm\u00fcne ula\u015fmay\u0131 ama\u00e7lad\u0131\u011f\u0131n\u0131z bir <em>ara\u015ft\u0131rma problemi<\/em>niz var ve bulundu\u011funuz noktadan sizi hedefinize ula\u015ft\u0131racak ad\u0131mlar\u0131n tan\u0131mland\u0131\u011f\u0131 sa\u011flam bir yol haritas\u0131 olmadan yola \u00e7\u0131kman\u0131n yarataca\u011f\u0131 olas\u0131 olumsuz sonu\u00e7lar\u0131n fark\u0131ndas\u0131n\u0131z.\u00a0 Ba\u015fta uygun istatistiksel analiz ve \u00f6znel \u00f6nyarg\u0131lar\u0131 en aza indirecek \u00f6rnekleme y\u00f6ntemi olmak \u00fczere, yerine getirilmesi gereken t\u00fcm i\u015flemlerin tutarl\u0131 bir s\u0131rad\u00fczen i\u00e7inde\u00a0 belirlenerek\u00a0 s\u0131n\u0131rl\u0131 zaman ve maddi kaynak kullan\u0131m\u0131nda etkinli\u011fin g\u00fcvence alt\u0131na al\u0131nd\u0131\u011f\u0131 bir <em>strateji<\/em> haz\u0131rlama \u00e7abas\u0131 i\u00e7indesiniz. Ancak, bu stratejinin kapsam\u0131ndaki,<\/p>\n<ul>\n<li>ara\u015ft\u0131rma probleminiz ve sorular\u0131n\u0131zla tutarl\u0131, uygun istatistiksel bir analiz y\u00f6ntemi belirleme,<\/li>\n<li>istatistiksel hipotezlerin s\u0131nama g\u00fcc\u00fcne dayal\u0131 bir \u00f6rneklem \u00e7ap\u0131 hesaplama<\/li>\n<\/ul>\n<p>gibi konularda \u00e7ekinceleriniz varsa,\u00a0<strong><span style=\"color: #0f7996; font-family: century gothic; font-size: medium;\">akademik<\/span><span style=\"color: #33cccc; font-family: 'century gothic'; font-size: medium;\">idea<span class=\"idea\" style=\"color: #000000;\"><sup>\u00ae<\/sup><\/span><\/span><\/strong> dan\u0131\u015fmanlar\u0131n\u0131n verdi\u011fi <span style=\"color: #008080;\"><em>ara\u015ft\u0131rma tasar\u0131m\u0131<\/em><\/span>\u00a0hizmeti i\u00e7in ba\u015fvuruda bulunman\u0131n\u00a0tam da zaman\u0131.<\/p>\n<p style=\"text-align: center;\"><strong><a href=\"https:\/\/docs.google.com\/document\/d\/1GJ1gWfgEs64OtLtr46Cj12uk8dwcHTdy\/edit?usp=sharing&amp;ouid=100508498388791093414&amp;rtpof=true&amp;sd=true\" target=\"_blank\" rel=\"noopener\"><em>Ara\u015ft\u0131rma Tasar\u0131m\u0131 Bilgi Formu<\/em><\/a><\/strong><\/p>\n<p>ile iletece\u011finiz bilgi ve belgeler incelendikten sonra,\u00a0 dan\u0131\u015fman\u0131n\u0131z\u0131n sizin i\u00e7in d\u00fczenleyece\u011fi bir oturumda, ara\u015ft\u0131rma projenizin stratejisini birlikte olu\u015fturabilirsiniz.\u00a0 Dan\u0131\u015fman\u0131n\u0131z, ana hatlar\u0131n\u0131 birlikte belirledi\u011finiz ara\u015ft\u0131rma tasar\u0131m\u0131n\u0131 bir rapor \u015feklinde d\u00fczenleyecek ve size iletecektir. \u0130nceleme f\u0131rsat\u0131 bulduktan sonra, <span style=\"color: #008080;\"><em>Ara\u015ft\u0131rma Tasar\u0131m Raporu<\/em><\/span>&#8216;na ili\u015fkin akl\u0131n\u0131za tak\u0131lan sorular\u0131n\u0131z olursa, d\u00fczenlenecek son bir oturumda, bu\u00a0 sorular\u0131n\u0131z da yan\u0131tlanacakt\u0131r.<\/p>\n","protected":false},"excerpt":{"rendered":"<p>Bilimsel bir ara\u015ft\u0131rman\u0131n tam en ba\u015f\u0131ndas\u0131n\u0131z; yani, elinizdeki s\u0131n\u0131rl\u0131 kaynaklar\u0131 kullanarak \u00e7\u00f6z\u00fcm\u00fcne ula\u015fmay\u0131 ama\u00e7lad\u0131\u011f\u0131n\u0131z bir ara\u015ft\u0131rma probleminiz var ve bulundu\u011funuz noktadan sizi hedefinize ula\u015ft\u0131racak ad\u0131mlar\u0131n tan\u0131mland\u0131\u011f\u0131 sa\u011flam bir yol haritas\u0131 olmadan yola \u00e7\u0131kman\u0131n yarataca\u011f\u0131 olas\u0131 olumsuz sonu\u00e7lar\u0131n fark\u0131ndas\u0131n\u0131z.\u00a0 Ba\u015fta uygun istatistiksel analiz ve \u00f6znel \u00f6nyarg\u0131lar\u0131 en aza indirecek \u00f6rnekleme y\u00f6ntemi olmak \u00fczere, yerine getirilmesi gereken&#8230;<\/p>\n","protected":false},"author":4,"featured_media":0,"parent":0,"menu_order":0,"comment_status":"closed","ping_status":"closed","template":"","meta":{"footnotes":""},"class_list":["post-2308","page","type-page","status-publish","hentry"],"_links":{"self":[{"href":"https:\/\/www.akademikidea.org\/a-kitap\/wp-json\/wp\/v2\/pages\/2308","targetHints":{"allow":["GET"]}}],"collection":[{"href":"https:\/\/www.akademikidea.org\/a-kitap\/wp-json\/wp\/v2\/pages"}],"about":[{"href":"https:\/\/www.akademikidea.org\/a-kitap\/wp-json\/wp\/v2\/types\/page"}],"author":[{"embeddable":true,"href":"https:\/\/www.akademikidea.org\/a-kitap\/wp-json\/wp\/v2\/users\/4"}],"replies":[{"embeddable":true,"href":"https:\/\/www.akademikidea.org\/a-kitap\/wp-json\/wp\/v2\/comments?post=2308"}],"version-history":[{"count":15,"href":"https:\/\/www.akademikidea.org\/a-kitap\/wp-json\/wp\/v2\/pages\/2308\/revisions"}],"predecessor-version":[{"id":2577,"href":"https:\/\/www.akademikidea.org\/a-kitap\/wp-json\/wp\/v2\/pages\/2308\/revisions\/2577"}],"wp:attachment":[{"href":"https:\/\/www.akademikidea.org\/a-kitap\/wp-json\/wp\/v2\/media?parent=2308"}],"curies":[{"name":"wp","href":"https:\/\/api.w.org\/{rel}","templated":true}]}}