{"id":2322,"date":"2024-12-16T16:51:30","date_gmt":"2024-12-16T13:51:30","guid":{"rendered":"http:\/\/www.akademikidea.org\/a-kitap\/?page_id=2322"},"modified":"2025-11-20T20:12:08","modified_gmt":"2025-11-20T17:12:08","slug":"istatistiksel-danismanlik-hizmeti-egitim","status":"publish","type":"page","link":"https:\/\/www.akademikidea.org\/a-kitap\/istatistiksel-danismanlik-hizmeti-egitim\/","title":{"rendered":"\u0130statistik Dan\u0131\u015fmanl\u0131k Hizmeti : \u0130statistik E\u011fitim Semineri"},"content":{"rendered":"<p><span style=\"color: #333333; font-family: Lora, serif; font-size: large;\">\u00a0<\/span><strong><span style=\"color: #0f7996; font-family: century gothic; font-size: medium;\">akademik<\/span><span style=\"color: #33cccc; font-family: 'century gothic'; font-size: medium;\">idea<span class=\"idea\" style=\"color: #000000;\"><sup>\u00ae\u00a0\u00a0<\/sup><\/span><\/span><\/strong> \u00a0sayfalar\u0131nda yer alan\u00a0<em>alt\u0131-\u00e7izili ve yat\u0131k\u00a0<\/em>olarak yaz\u0131lm\u0131\u015f\u00a0bilimsel bir ara\u015ft\u0131rman\u0131n temel ve istatistiksel kavramlar\u0131 olan\u00a0s\u00f6zc\u00fcklere ili\u015fkin\u00a0\u00a0<em>Bilimce<\/em><strong><em>\u00a0 <\/em><\/strong>hizmeti\u00a0kapsam\u0131ndaki\u00a0a\u00e7\u0131klay\u0131c\u0131 temel bilgilere, s\u00f6z konusu s\u00f6zc\u00fck \u00fczerine t\u0131klayarak kolayca eri\u015febilirsiniz.\u00a0 \u00a0<em>Bilimce<\/em><strong><em>\u00a0<\/em><\/strong>hizmeti\u00a0kapsam\u0131 d\u0131\u015f\u0131nda kalm\u0131\u015f ya da istatistik ve veri analizi hakk\u0131ndaki sorular\u0131n\u0131za yeterli yan\u0131t bulamad\u0131\u011f\u0131n\u0131z durumlarda,\u00a0<em>s\u0131naman\u0131n g\u00fcc\u00fc, anlaml\u0131l\u0131k d\u00fczeyi, p-de\u011feri\u00a0<\/em>gibi tek bir kavramdan\u00a0<em>ANOVA, GLMM(Genelle\u015ftirilmi\u015f Do\u011frusal Karma Modeller)\u00a0<\/em>gibi tekniklere,\u00a0\u00a0<em>R<\/em> ve <em>Python<\/em> programlama dilleri ya da SPSS ve <em>MINITAB<\/em> gibi paket programlarla istatistik hesaplamalara, <em>EDA<\/em>\u00a0yaz\u0131l\u0131m\u0131 ile in vivo deney tasar\u0131m\u0131na kadar kapsam\u0131 de\u011fi\u015febilen\u00a0sorular\u0131n\u0131z\u0131n yan\u0131t\u0131n\u0131,\u00a0\u00a0<strong><span style=\"color: #0f7996; font-family: century gothic; font-size: medium;\">akademik<\/span><span style=\"color: #33cccc; font-family: 'century gothic'; font-size: medium;\">idea<span class=\"idea\" style=\"color: #000000;\"><sup>\u00ae<\/sup><\/span><\/span><\/strong> dan\u0131\u015fmanlar\u0131n\u0131n,<\/p>\n<p style=\"text-align: center;\"><strong style=\"text-align: center;\"><a style=\"outline-width: 0px;\" href=\"https:\/\/docs.google.com\/document\/d\/1vjx4XiXhIjM_pZlhoV6SiaxkOKvCTWAE\/edit?usp=sharing&amp;ouid=100508498388791093414&amp;rtpof=true&amp;sd=true\" target=\"_blank\" rel=\"noopener\"><em>\u0130statistik\u00a0 E\u011fitim Semineri Bilgi Formu<\/em><\/a><\/strong><\/p>\n<p>ile iletece\u011finiz bilgiler do\u011frultusunda d\u00fczenleyecekleri\u00a0size \u00f6zel\u00a0\u00a0<span style=\"color: #008080;\"><em>istatistik e\u011fitim seminerlerinde<\/em><\/span>\u00a0alabilirsiniz.<\/p>\n","protected":false},"excerpt":{"rendered":"<p>\u00a0akademikidea\u00ae\u00a0\u00a0 \u00a0sayfalar\u0131nda yer alan\u00a0alt\u0131-\u00e7izili ve yat\u0131k\u00a0olarak yaz\u0131lm\u0131\u015f\u00a0bilimsel bir ara\u015ft\u0131rman\u0131n temel ve istatistiksel kavramlar\u0131 olan\u00a0s\u00f6zc\u00fcklere ili\u015fkin\u00a0\u00a0Bilimce\u00a0 hizmeti\u00a0kapsam\u0131ndaki\u00a0a\u00e7\u0131klay\u0131c\u0131 temel bilgilere, s\u00f6z konusu s\u00f6zc\u00fck \u00fczerine t\u0131klayarak kolayca eri\u015febilirsiniz.\u00a0 \u00a0Bilimce\u00a0hizmeti\u00a0kapsam\u0131 d\u0131\u015f\u0131nda kalm\u0131\u015f ya da istatistik ve veri analizi hakk\u0131ndaki sorular\u0131n\u0131za yeterli yan\u0131t bulamad\u0131\u011f\u0131n\u0131z durumlarda,\u00a0s\u0131naman\u0131n g\u00fcc\u00fc, anlaml\u0131l\u0131k d\u00fczeyi, p-de\u011feri\u00a0gibi tek bir kavramdan\u00a0ANOVA, GLMM(Genelle\u015ftirilmi\u015f Do\u011frusal Karma Modeller)\u00a0gibi tekniklere,\u00a0\u00a0R ve Python programlama&#8230;<\/p>\n","protected":false},"author":4,"featured_media":0,"parent":0,"menu_order":0,"comment_status":"closed","ping_status":"closed","template":"","meta":{"footnotes":""},"class_list":["post-2322","page","type-page","status-publish","hentry"],"_links":{"self":[{"href":"https:\/\/www.akademikidea.org\/a-kitap\/wp-json\/wp\/v2\/pages\/2322","targetHints":{"allow":["GET"]}}],"collection":[{"href":"https:\/\/www.akademikidea.org\/a-kitap\/wp-json\/wp\/v2\/pages"}],"about":[{"href":"https:\/\/www.akademikidea.org\/a-kitap\/wp-json\/wp\/v2\/types\/page"}],"author":[{"embeddable":true,"href":"https:\/\/www.akademikidea.org\/a-kitap\/wp-json\/wp\/v2\/users\/4"}],"replies":[{"embeddable":true,"href":"https:\/\/www.akademikidea.org\/a-kitap\/wp-json\/wp\/v2\/comments?post=2322"}],"version-history":[{"count":14,"href":"https:\/\/www.akademikidea.org\/a-kitap\/wp-json\/wp\/v2\/pages\/2322\/revisions"}],"predecessor-version":[{"id":2590,"href":"https:\/\/www.akademikidea.org\/a-kitap\/wp-json\/wp\/v2\/pages\/2322\/revisions\/2590"}],"wp:attachment":[{"href":"https:\/\/www.akademikidea.org\/a-kitap\/wp-json\/wp\/v2\/media?parent=2322"}],"curies":[{"name":"wp","href":"https:\/\/api.w.org\/{rel}","templated":true}]}}