{"id":2351,"date":"2024-12-17T04:14:10","date_gmt":"2024-12-17T01:14:10","guid":{"rendered":"http:\/\/www.akademikidea.org\/a-kitap\/?page_id=2351"},"modified":"2025-11-20T20:06:47","modified_gmt":"2025-11-20T17:06:47","slug":"istatistiksel-danismanlik-hizmeti-analiz-plani-incelemesi","status":"publish","type":"page","link":"https:\/\/www.akademikidea.org\/a-kitap\/istatistiksel-danismanlik-hizmeti-analiz-plani-incelemesi\/","title":{"rendered":"\u0130statistik Dan\u0131\u015fmanl\u0131k Hizmeti : \u0130statistik Analiz Plan\u0131 \u0130ncelemesi"},"content":{"rendered":"<p>Hibe almak i\u00e7in haz\u0131rlad\u0131\u011f\u0131n\u0131z bir ara\u015ft\u0131rma projesi teklifinizin ilk seferde kabul edilmesi ve ara\u015ft\u0131rman\u0131za hemen ba\u015flayabilmek varken teklifinizdeki <em>istatistik analiz plan\u0131<\/em>n\u0131n uygun bulunmamas\u0131 nedeni ile \u00a0itibar g\u00f6rmemesi sonucu motivasyon kayb\u0131 ya\u015famay\u0131 istemezsiniz. \u0130statistik analiz plan\u0131 bir\u00e7ok b\u00f6l\u00fcmden olu\u015fur ve bir teklifin kabul edilmesini sa\u011flayacak kadar \u00f6zl\u00fc ve a\u00e7\u0131k olmas\u0131 gerekir. <em>\u0130statistik analiz plan\u0131 <\/em>do\u011fru yap\u0131lm\u0131\u015f<em>; <\/em>ancak yeterince iyi yaz\u0131lmad\u0131\u011f\u0131 i\u00e7in\u00a0incelemeciler teklifinizi yeterince iyi de\u011ferlendirememi\u015f olabilirler mi?<\/p>\n<p>Bir\u00e7ok fonlama kurulu\u015fu taraf\u0131ndan ara\u015ft\u0131rma b\u00fct\u00e7eleri azalt\u0131l\u0131rken ve daha fazla ara\u015ft\u0131rma bunun i\u00e7in rekabet ederken, y\u00fcksek kalitede bir <em><a href=\"https:\/\/pmc.ncbi.nlm.nih.gov\/articles\/PMC2981889\/\" target=\"_blank\" rel=\"noopener\">hibe teklifi<\/a><\/em> yazabilmek giderek daha da \u00f6nemli hale geliyor.\u00a0Sa\u011flam bir hibe teklifi haz\u0131rlamakta zorlanabilir ve haz\u0131rlad\u0131\u011f\u0131n\u0131z taslak teklifte\u00a0her \u015feyi yerli yerinde ve do\u011fru yapt\u0131\u011f\u0131n\u0131zdan emin olamayabilirsiniz. \u00a0 E\u011fer:<\/p>\n<ul>\n<li>teklifinizin kabul edilmesinde istatistik analiz plan\u0131n\u0131z\u0131n olumlu bir etki yarataca\u011f\u0131ndan\u00a0 emin olmak istiyorsan\u0131z,<\/li>\n<li>Bir tez teklifi sunmak \u00fczeresiniz ve uygulayaca\u011f\u0131n\u0131z istatistik analizle ilgili\u00a0 baz\u0131 endi\u015feleriniz varsa,<\/li>\n<\/ul>\n<p>o zaman, teklifinizdeki<em>\u00a0<span style=\"color: #008080;\">istatistik analiz plan\u0131<\/span><\/em>n\u0131n sa\u011flam ve yeterli nitelikte olabilmesi i\u00e7in gerekli d\u00fczeltme ve iyile\u015ftirme \u00f6nerilerini i\u00e7eren bir uzman g\u00f6r\u00fc\u015f\u00fc almaya ihtiyac\u0131n\u0131z var demektir, ve bu ihtiyac\u0131n\u0131z\u0131,<span style=\"color: #333333; font-family: Lora, serif; font-size: large;\">\u00a0<\/span><strong><span style=\"color: #0f7996; font-family: century gothic; font-size: medium;\">akademik<\/span><span style=\"color: #33cccc; font-family: 'century gothic'; font-size: medium;\">idea<span class=\"idea\" style=\"color: #000000;\"><sup>\u00ae<\/sup><\/span><\/span><\/strong> dan\u0131\u015fmanlar\u0131n\u0131n verdi\u011fi <span style=\"color: #008080;\"><em>istatistik analiz plan\u0131 incelemesi<\/em><\/span> hizmeti ile kar\u015f\u0131layabilirsiniz.<\/p>\n<p><span style=\"color: #008080;\"><em>\u0130statistik Analiz Plan\u0131 \u0130ncelemesi<\/em><\/span>,<\/p>\n<ul>\n<li>\u00d6nerilen analizlerin ara\u015ft\u0131rma sorular\u0131na, tasar\u0131ma ve veri setindeki de\u011fi\u015fken t\u00fcrlerine uygunlu\u011funu,<\/li>\n<li>De\u011fi\u015fkenleri \u00f6l\u00e7me, \u00e7al\u0131\u015fmay\u0131 tasarlama veya veri toplama \u015feklinizde istatistik zorluklar yaratabilecek sorunlar\u0131 plan\u0131n\u0131zda hesaba kat\u0131p katmad\u0131\u011f\u0131n\u0131z\u0131,<\/li>\n<li>\u0130ncelemecilerin arad\u0131\u011f\u0131, \u00f6rneklem b\u00fcy\u00fckl\u00fc\u011f\u00fc tahminlerine ve istatistik modellere kadar analizin tan\u0131mlay\u0131c\u0131lar\u0131na ili\u015fkin t\u00fcm gerekli bilgilerin\u00a0 verilip verilmedi\u011fini,<\/li>\n<li>Uygun istatistik terminolojisinin do\u011fru kullan\u0131l\u0131p kullan\u0131lmad\u0131\u011f\u0131n\u0131,<\/li>\n<li>Ayr\u0131nt\u0131 d\u00fczeyinin uygunlu\u011funu,<\/li>\n<\/ul>\n<p>denetleyerek, istatistik analiz plan\u0131n\u0131z\u0131n sa\u011flaml\u0131\u011f\u0131 hakk\u0131nda size uzman g\u00f6r\u00fc\u015f\u00fc sa\u011flar.<\/p>\n<p style=\"text-align: center;\"><strong><a href=\"https:\/\/docs.google.com\/document\/d\/1onABX-Z6CTIyaFbDnPR3MRiqATPndHE8\/edit?usp=sharing&amp;ouid=100508498388791093414&amp;rtpof=true&amp;sd=true\" target=\"_blank\" rel=\"noopener\"><em>\u0130statistik Analiz Plan\u0131 \u0130ncelemesi Bilgi Formu<\/em><\/a><\/strong><\/p>\n<p>ile \u00f6zellikle endi\u015felerinizin oldu\u011fu konular\u0131 da belirterek ara\u015ft\u0131rman\u0131z hakk\u0131nda dan\u0131\u015fman\u0131n\u0131za bilgi verin ve istatistik analiz plan\u0131n\u0131z, ve varsa tam bir \u00e7al\u0131\u015fma teklifinizi iletin.\u00a0 Dan\u0131\u015fman\u0131n\u0131z ara\u015ft\u0131rma sorular\u0131n\u0131z, tasar\u0131m\u0131n\u0131z, de\u011fi\u015fkenleriniz ve metodolojiniz hakk\u0131nda sa\u011flam bir anlay\u0131\u015fa sahip olabilmek i\u00e7in daha fazla a\u00e7\u0131klay\u0131c\u0131 bilgiye ihtiya\u00e7 duyarsa, gerekli bilgileri sa\u011flayaca\u011f\u0131n\u0131z bir oturum d\u00fczenleyecektir. Sizden yeterli bilgi ve belgeleri ald\u0131ktan sonra, do\u011frudan g\u00f6rebilece\u011finiz yorumlar\u0131n eklendi\u011fi veya de\u011fi\u015fikliklerin\u00a0 yap\u0131ld\u0131\u011f\u0131 g\u00f6zden ge\u00e7irilmi\u015f belgeniz size geri g\u00f6nderilecek ve bu a\u015famada yine de akl\u0131n\u0131za tak\u0131lan sorular\u0131n\u0131z olursa, d\u00fczenlenecek son bir oturumda, bu\u00a0 sorular\u0131n\u0131z\u0131n yan\u0131t\u0131n\u0131 alabileceksiniz.<\/p>\n","protected":false},"excerpt":{"rendered":"<p>Hibe almak i\u00e7in haz\u0131rlad\u0131\u011f\u0131n\u0131z bir ara\u015ft\u0131rma projesi teklifinizin ilk seferde kabul edilmesi ve ara\u015ft\u0131rman\u0131za hemen ba\u015flayabilmek varken teklifinizdeki istatistik analiz plan\u0131n\u0131n uygun bulunmamas\u0131 nedeni ile \u00a0itibar g\u00f6rmemesi sonucu motivasyon kayb\u0131 ya\u015famay\u0131 istemezsiniz. \u0130statistik analiz plan\u0131 bir\u00e7ok b\u00f6l\u00fcmden olu\u015fur ve bir teklifin kabul edilmesini sa\u011flayacak kadar \u00f6zl\u00fc ve a\u00e7\u0131k olmas\u0131 gerekir. \u0130statistik analiz plan\u0131 do\u011fru yap\u0131lm\u0131\u015f;&#8230;<\/p>\n","protected":false},"author":4,"featured_media":0,"parent":0,"menu_order":0,"comment_status":"closed","ping_status":"closed","template":"","meta":{"footnotes":""},"class_list":["post-2351","page","type-page","status-publish","hentry"],"_links":{"self":[{"href":"https:\/\/www.akademikidea.org\/a-kitap\/wp-json\/wp\/v2\/pages\/2351","targetHints":{"allow":["GET"]}}],"collection":[{"href":"https:\/\/www.akademikidea.org\/a-kitap\/wp-json\/wp\/v2\/pages"}],"about":[{"href":"https:\/\/www.akademikidea.org\/a-kitap\/wp-json\/wp\/v2\/types\/page"}],"author":[{"embeddable":true,"href":"https:\/\/www.akademikidea.org\/a-kitap\/wp-json\/wp\/v2\/users\/4"}],"replies":[{"embeddable":true,"href":"https:\/\/www.akademikidea.org\/a-kitap\/wp-json\/wp\/v2\/comments?post=2351"}],"version-history":[{"count":11,"href":"https:\/\/www.akademikidea.org\/a-kitap\/wp-json\/wp\/v2\/pages\/2351\/revisions"}],"predecessor-version":[{"id":2588,"href":"https:\/\/www.akademikidea.org\/a-kitap\/wp-json\/wp\/v2\/pages\/2351\/revisions\/2588"}],"wp:attachment":[{"href":"https:\/\/www.akademikidea.org\/a-kitap\/wp-json\/wp\/v2\/media?parent=2351"}],"curies":[{"name":"wp","href":"https:\/\/api.w.org\/{rel}","templated":true}]}}