{"id":387,"date":"2017-06-19T22:19:09","date_gmt":"2017-06-19T19:19:09","guid":{"rendered":"http:\/\/www.akademikidea.org\/a-kitap\/?page_id=387"},"modified":"2024-07-18T17:01:43","modified_gmt":"2024-07-18T14:01:43","slug":"yayinlanan-kitaplar","status":"publish","type":"page","link":"https:\/\/www.akademikidea.org\/a-kitap\/faaliyetler\/yayinlanan-kitaplar\/","title":{"rendered":"a-kitap"},"content":{"rendered":"<p><code><\/code><\/p>\n<style type=\"text\/css\"> .tab { margin-left: 40px; } <\/style>\n<p><b><span style=\"color: #008080; font-family: 'century gothic'; font-size: large;\"><a href=\"https:\/\/www.akademikidea.org\/a-kitap\/wp-content\/uploads\/2017\/06\/a-kitap3.png\"><img loading=\"lazy\" decoding=\"async\" class=\"wp-image-434 aligncenter\" src=\"https:\/\/www.akademikidea.org\/a-kitap\/wp-content\/uploads\/2017\/06\/a-kitap3-300x37.png\" alt=\"\" width=\"325\" height=\"40\" srcset=\"https:\/\/www.akademikidea.org\/a-kitap\/wp-content\/uploads\/2017\/06\/a-kitap3-300x37.png 300w, https:\/\/www.akademikidea.org\/a-kitap\/wp-content\/uploads\/2017\/06\/a-kitap3-700x87.png 700w, https:\/\/www.akademikidea.org\/a-kitap\/wp-content\/uploads\/2017\/06\/a-kitap3.png 728w\" sizes=\"auto, (max-width: 325px) 100vw, 325px\" \/><\/a><\/span><\/b><\/p>\n<p style=\"text-align: center;\"><span style=\"color: #2e2e1f; font-family: century gothic; font-size: large;\">\u00e7evrim-i\u00e7i\u00a0belge yay\u0131nlama ve eri\u015fim ortam\u0131na ho\u015f geldiniz.<\/span><\/p>\n<p><span style=\"color: #000000; font-family: century gothic; font-size: small;\">Bu ortamda, <strong><span style=\"color: #008080;\">akademik<\/span><span style=\"color: #33cccc;\">idea<\/span> <span style=\"color: #008080;\">Toplulu\u011fu<\/span><\/strong> \u00fcyelerinin\u00a0<\/span><span style=\"color: #000000; font-family: 'century gothic'; font-size: small;\">\u00a0<\/span><span style=\"color: #000000; font-family: 'century gothic'; font-size: small;\"><em>\u00e7evrim i\u00e7i<\/em>\u00a0<\/span><span style=\"color: #000000; font-family: century gothic; font-size: small;\">telif-derleme-\u00e7eviri yap\u0131tlar\u0131na ya da T\u00fcrk\u00e7e&#8217;ye \u00e7evrilmeye de\u011fer bulduklar\u0131 <em>a\u00e7\u0131k eri\u015fimli<\/em> kitap, makale, bildiri ve benzeri belgeleri bulacaks\u0131n\u0131z.<\/span><span style=\"color: #000000; font-family: century gothic; font-size: small;\">\u00a0<\/span><br \/>\n<span style=\"color: #000000; font-family: century gothic; font-size: small;\">\u00a0 \u00a0 \u2022\u00a0 Eri\u015fim sa\u011flanan yabanc\u0131 yazarl\u0131 yap\u0131tlar genellikle\u00a0<\/span><span style=\"color: #000000; font-family: 'century gothic'; font-size: small;\">uluslararas\u0131 ar\u015fivlerden\u00a0<\/span><span style=\"color: #000000; font-family: 'century gothic'; font-size: small;\">indirilebilir nitelikte\u00a0<\/span><span style=\"color: #000000; font-family: 'century gothic'; font-size: small;\">\u00a0ve telif hakk\u0131 kamuya ait olanlar aras\u0131ndan se\u00e7ilmektedir. Yazar\u0131\u00a0<span style=\"color: #008080;\">\u00a0<\/span><strong><span style=\"color: #008080;\">akademik<\/span><span style=\"color: #33cccc;\">idea<\/span> <span style=\"color: #008080;\">Toplulu\u011fu<\/span><\/strong> \u00fcyesi olan belgelerin ise yaln\u0131zca <em>\u00e7evrim-i\u00e7i<\/em> yay\u0131n hakk\u0131\u00a0<span style=\"color: #008080;\">\u00a0<\/span><b><span style=\"color: #008080;\">akademik<\/span><span style=\"color: #33cccc;\">idea<\/span><\/b>\u00ae|<strong><span style=\"color: #008080;\">a<\/span><\/strong>&#8211;<span style=\"color: #33cccc;\">kitap<\/span>&#8216;a ait olup, di\u011fer t\u00fcm telif haklar\u0131 yazar\u0131n kendisine aittir.<\/span><br \/>\n<span style=\"font-family: century gothic; font-size: small;\"><span style=\"color: #008080;\"><strong><span style=\"color: #800080;\">\u00a0<span style=\"color: #000000;\">\u00a0 \u2022<\/span><\/span>\u00a0 a<\/strong>&#8211;<\/span><span style=\"color: #33cccc;\">ders<\/span><\/span> <span style=\"color: #000000; font-family: century gothic; font-size: small;\">kapsam\u0131nda a\u00e7\u0131lan derslerin temel kaynaklar\u0131 aras\u0131ndaki\u00a0\u00a0<b><span style=\"color: #008080;\">akademik<\/span><span style=\"color: #33cccc;\">idea<\/span><\/b>\u00ae|<span style=\"color: #008000;\"><span style=\"color: #008080;\"><strong>a<\/strong><\/span>&#8211;<\/span><span style=\"color: #33cccc;\">kitap<\/span> <\/span><span style=\"font-family: century gothic; font-size: small;\"> yay\u0131nlar\u0131, \u00e7evrim-i\u00e7i yay\u0131nlananlardan farkl\u0131 olarak, okuyucunun kendi kendine \u00f6\u011frenmesini kolayla\u015ft\u0131racak etkile\u015fimli okuma, al\u0131\u015ft\u0131rma, geri bildirimli s\u0131nav, yazar\u0131yla ve di\u011fer okuyucularla ders i\u00e7i ileti\u015fim gibi \u00f6zellikler i\u00e7erir.<\/span><br \/>\n<span style=\"font-family: century gothic; font-size: small;\"><span style=\"color: #008080;\"><span style=\"color: #000000;\">\u00a0\u2022\u00a0 \u00a0\u00c7evrim-i\u00e7i yay\u0131nlanan\u00a0<\/span><strong>a<\/strong>&#8211;<span style=\"color: #33cccc;\">kitap\u00a0<span style=\"color: #000000;\">belge okuyucular\u0131,<\/span><\/span><\/span><\/span>\u00a0<span style=\"font-family: century gothic; font-size: small;\">di\u011fer okuyucu ve yazarlarla <\/span><span style=\"font-size: small;\"> <span style=\"font-family: 'century gothic';\"><span style=\"color: #008000;\"><strong><span style=\"color: #008080;\">a<\/span><\/strong>&#8211;<\/span><span style=\"color: #33cccc;\">sohbet <\/span><\/span><\/span><span style=\"font-family: century gothic; font-size: small;\">ortam\u0131ndaki s\u00f6z konusu yay\u0131na ili\u015fkin yazar\u0131 taraf\u0131ndan ba\u015flat\u0131lan inceleme yaz\u0131lar\u0131na belge etiketinin sa\u011f\u0131ndaki <img loading=\"lazy\" decoding=\"async\" class=\"alignnone size-full wp-image-1045\" src=\"https:\/\/www.akademikidea.org\/a-kitap\/wp-content\/uploads\/2017\/06\/logo-a-sohbet-e1516293169668.png\" alt=\"\" width=\"25\" height=\"25\" \/> simgesini t\u0131klayarak ve yorum ekleyerek etkile\u015fim i\u00e7inde bulunabilece\u011fi gibi, ayn\u0131 zamanda <\/span><span style=\"font-family: 'century gothic'; font-size: small;\">belgelerin yazarlar\u0131 taraf\u0131ndan en son g\u00fcncellenmi\u015f bi\u00e7imini okuma,\u00a0<\/span><span style=\"font-family: 'century gothic'; font-size: small;\">\u00a0<\/span><span style=\"font-family: 'century gothic'; font-size: small;\">arad\u0131\u011f\u0131 bir kavram i\u00e7in bas\u0131l\u0131 kitaplardaki gibi bir dizine bakmak yerine, k\u00f6pr\u00fclenmi\u015f s\u00f6zc\u00fckler yoluyla belge\u00a0<\/span><span style=\"font-family: 'century gothic'; font-size: small;\">i\u00e7inde dola\u015farak ya da \u00a0<\/span><strong style=\"font-family: 'century gothic'; font-size: small;\"><span style=\"color: #008080;\">akademik<\/span><span style=\"color: #33cccc;\">idea<\/span>\u00a0<span style=\"color: #008080;\">Toplulu\u011fu<\/span><\/strong><span style=\"font-family: 'century gothic'; font-size: small;\">&#8216;nun s\u00fcrekli projelerinden biri olan<\/span><strong style=\"font-family: 'century gothic'; font-size: small;\">\u00a0<\/strong><span style=\"font-family: 'century gothic'; font-size: small;\">\u00a0kavramsal s\u00f6zl\u00fck &#8220;<strong><span style=\"color: #008080;\">bilimce<\/span><\/strong>&#8221; yoluyla ayr\u0131nt\u0131l\u0131 a\u00e7\u0131klamalara, di\u011fer kaynaklara ve\u00a0<\/span><span style=\"font-family: 'century gothic'; font-size: small;\">\u00e7oklu-ortam i\u00e7eriklerine \u00e7abucak ula\u015fma <\/span><span style=\"font-family: 'century gothic'; font-size: small;\">gibi \u00e7<\/span><span style=\"font-family: 'century gothic'; font-size: small;\">evrim-i\u00e7i olman\u0131n sa\u011flad\u0131\u011f\u0131 \u00fcst\u00fcnl\u00fcklerden yararlan\u0131r.\u00a0<\/span><br \/>\n<span style=\"font-family: 'century gothic'; font-size: small;\">\u2022\u00a0 \u00a0\u00a0<\/span><span style=\"color: #111111; font-family: 'century gothic'; font-size: small; letter-spacing: -0.17008px;\">Sayfalar\u0131 numaraland\u0131r\u0131lmam\u0131\u015f \u00e7evrim-i\u00e7i bir\u00a0<b><span style=\"color: #008080;\">akademik<\/span><span style=\"color: #33cccc;\">idea<\/span><\/b>\u00ae|<span style=\"color: #008080;\"><strong>a<\/strong>&#8211;<\/span><span style=\"color: #33cccc;\">kitap\u00a0<\/span>yay\u0131n\u0131na at\u0131f,\u00a0<\/span><br \/>\n<span style=\"color: blue; font-family: century gothic; font-size: 10pt;\">\u00a0 \u00a0 \u00a0 \u00a0 \u00a0 \u00a0Wald, Abraham(1942) <i>\u0130statistiksel \u00c7\u0131kar\u0131m \u0130lkeleri \u00dczerine<\/i>, T\u00fcrk\u00e7esi: Mustafa Y. Ata, Ankara:\u00a0<\/span><br \/>\n<span style=\"color: blue; font-family: century gothic; font-size: 10pt;\">\u00a0 \u00a0 \u00a0 \u00a0 \u00a0 \u00a0 \u00a0 \u00a0 \u00a0 a-kitap.akademikidea\u00ae, https:\/\/www.akademikidea.org\/a-kitap\/&#8230;., (tarih)&#8217;inde eri\u015fildi.<\/span><br \/>\n<span style=\"font-family: century gothic; font-size: small;\">bi\u00e7iminde yap\u0131labilir.<\/span><\/p>\n<div id=\"Katalog\"><span style=\"color: #993300; font-family: 'century gothic'; font-size: 18pt;\"><strong><span style=\"color: #33cccc;\"><span style=\"color: #008080;\">K\u00fct\u00fcphane<\/span><\/span><\/strong><\/span><\/div>\n<hr \/>\n<p><span style=\"color: #993300; font-size: 24px;\"><strong style=\"font-family: 'century gothic';\">Konular<\/strong><\/span><\/p>\n<p><span style=\"color: #339966; font-size: 12pt;\"><span style=\"color: #008000;\"><strong><em><a href=\"#flsf\">Felsefe<\/a><\/em><\/strong>\u00a0<\/span> \u00a0 \u00a0<em><strong>\u00a0<a href=\"#fzk\">Fizik<\/a><\/strong><\/em>\u00a0 \u00a0 \u00a0 \u00a0 <em><strong><a href=\"#isttstk\">\u0130statistik<\/a><\/strong><\/em>\u00a0 \u00a0 \u00a0 \u00a0 <em><strong>\u00a0<a href=\"#mtmtk\">Matematik<\/a><\/strong><\/em>\u00a0 \u00a0<strong><em> <a href=\"#trh\">Tarih<\/a> <\/em><\/strong><br \/>\n<strong><em> <a href=\"#ypyzk\">Yapay Zeka<\/a> <\/em><\/strong><\/span><\/p>\n<hr \/>\n<div id=\"flsf\">\n<h4 style=\"color: #993300;\"><span style=\"color: #993300;\"><em><strong>Felsefe<\/strong><\/em><\/span><\/h4>\n<\/div>\n<hr \/>\n<div><span style=\"outline-width: 0px; font-family: 'century gothic'; font-size: medium;\"><span style=\"outline-width: 0px; font-family: 'century gothic'; font-size: medium;\"> <a href=\"http:\/\/libgen.io\/_ads\/DBE6A44A5C64D8C9DDD3E20CF583AFEF\">Hacking, Ian (2006)<\/a> <em>The Emergence of Probability:\u00a0A Philosophical Study of Early Ideas about Probability, Induction and Statistical Inference, Cambridge University Press.<\/em><a href=\"https:\/\/www.akademikidea.org\/a-kitap\/olasiligin-ortaya-cikisi\/\"><img loading=\"lazy\" decoding=\"async\" class=\"alignnone size-full wp-image-1045\" src=\"https:\/\/www.akademikidea.org\/a-kitap\/wp-content\/uploads\/2017\/06\/logo-a-sohbet-e1516293169668.png\" alt=\"\" width=\"25\" height=\"25\" \/><\/a><\/span><\/span><\/div>\n<div><span style=\"outline-width: 0px; font-family: 'century gothic'; font-size: medium;\"><a style=\"outline-width: 0px;\" href=\"https:\/\/www.akademikidea.org\/a-kitap\/docs\/category\/bfsy\/\">Y\u0131ld\u0131r\u0131m, Cemal (2010)<\/a>\u00a0<em>Bilim Felsefesi \u00dczerine Se\u00e7me Yaz\u0131lar<\/em>, a-kitap.<\/span><span style=\"font-family: 'century gothic'; font-size: medium;\">akademikidea<\/span><a style=\"font-family: 'century gothic';\" href=\"https:\/\/www.akademikidea.org\/a-kitap\/bilim-felsefesi-uzerine-secme-yazilar\/\"><img loading=\"lazy\" decoding=\"async\" class=\"alignnone size-full wp-image-1045\" src=\"https:\/\/www.akademikidea.org\/a-kitap\/wp-content\/uploads\/2017\/06\/logo-a-sohbet-e1516293169668.png\" alt=\"\" width=\"25\" height=\"25\" \/><\/a><\/div>\n<p><span style=\"font-size: 18pt;\"><a href=\"#Katalog\"><span style=\"color: #339966;\"><strong>\u21d1<\/strong><\/span><\/a><\/span><\/p>\n<hr \/>\n<div id=\"fzk\">\n<h4 style=\"color: #339966;\"><span style=\"color: #993300;\"><strong><em>Fizik<\/em><\/strong><\/span><\/h4>\n<\/div>\n<hr \/>\n<div><span style=\"outline-width: 0px; font-family: 'century gothic'; font-size: medium;\"> <a href=\"http:\/\/chaosbook.org\/\">Cvitanovi&#8217;c, P.-Artuso, R.-Mainieri, R.- Tanner, G.- Vattay, G&#8217;abor (2013)<\/a>\u00a0 Chaos:Classical and Quantum<\/span><\/div>\n<p><span style=\"font-size: 18pt;\"><a href=\"#Katalog\"><span style=\"color: #339966;\"><strong>\u21d1<\/strong><\/span><\/a><\/span><\/p>\n<hr \/>\n<div id=\"isttstk\">\n<h4><span style=\"color: #993300;\"><em><strong>\u0130statistik<\/strong><\/em><\/span><\/h4>\n<\/div>\n<hr \/>\n<div><span style=\"outline-width: 0px; font-family: 'century gothic'; font-size: medium;\"><a href=\"https:\/\/www.inferentialthinking.com\" target=\"_blank\" rel=\"noopener\">Adhikari, Ani \u2013 DeNero, John (2017)<\/a><span style=\"font-family: Lora, serif; font-size: medium;\">\u00a0<\/span><\/span><span style=\"font-size: medium;\"><em><span style=\"outline-width: 0px; font-family: 'century gothic';\">Computational and Inferential Thinking &#8211; The Foundations of Data Science<\/span><\/em><\/span><\/div>\n<div><span style=\"outline-width: 0px; font-family: 'century gothic'; font-size: medium;\"><a href=\"https:\/\/www.akademikidea.org\/a-kitap\/docs\/category\/idusy\/\">Ata, Mustafa Y.(ed.) (2016)<\/a><em>\u00a0\u0130statistiksel Dan\u0131\u015fmanl\u0131k \u00dczerine Se\u00e7me Yaz\u0131lar<\/em><span style=\"font-family: 'century gothic'; font-size: medium;\">, a-kitap.<\/span><\/span><span style=\"font-family: 'century gothic'; font-size: medium;\">akademikidea<\/span><span style=\"color: #008080; font-family: 'century gothic'; font-size: medium;\">\u00a0\u00a0<\/span><a style=\"font-family: 'century gothic';\" href=\"https:\/\/www.akademikidea.org\/a-kitap\/istatistiksel-danismanlik-uzerine-secme-yazilar\/\"><img loading=\"lazy\" decoding=\"async\" class=\"alignnone size-full wp-image-1045\" src=\"https:\/\/www.akademikidea.org\/a-kitap\/wp-content\/uploads\/2017\/06\/logo-a-sohbet-e1516293169668.png\" alt=\"\" width=\"25\" height=\"25\" \/><\/a><\/div>\n<div><span style=\"outline-width: 0px; font-family: 'century gothic'; font-size: medium;\"><a href=\"https:\/\/www.akademikidea.org\/a-kitap\/docs\/category\/eda\/\">Ata, Mustafa Y. (2019)<\/a><em>\u00a0EDA ile in vivo deney tasar\u0131m\u0131<\/em><span style=\"font-family: 'century gothic'; font-size: medium;\">, a-kitap.<\/span><\/span><span style=\"font-family: 'century gothic'; font-size: medium;\">akademikidea<\/span><span style=\"color: #008080; font-family: 'century gothic'; font-size: medium;\">\u00a0\u00a0<\/span><a style=\"font-family: 'century gothic';\" href=\"https:\/\/www.akademikidea.org\/a-kitap\/EDA ile in vivo deney tasar\u0131m\u0131\/\"><img loading=\"lazy\" decoding=\"async\" class=\"alignnone size-full wp-image-1045\" src=\"https:\/\/www.akademikidea.org\/a-kitap\/wp-content\/uploads\/2017\/06\/logo-a-sohbet-e1516293169668.png\" alt=\"\" width=\"25\" height=\"25\" \/><\/a><\/div>\n<div><span style=\"outline-width: 0px; font-family: 'century gothic'; font-size: medium;\"><a href=\"http:\/\/www.akademikidea.org\/a-ders\/mod\/book\/view.php?id=45&amp;chapterid=1\">Ata, Mustafa Y. (2018)<\/a>\u00a0<em>R ile Monte Carlo Sanal Deney Programlama<\/em>,<span style=\"color: #008080;\"><b>\u00a0<\/b><\/span>a-kitap.<\/span><span style=\"font-family: 'century gothic'; font-size: medium;\">akademikidea<\/span><span style=\"font-family: 'century gothic'; font-size: medium;\">\u00a0<\/span><a style=\"font-family: 'century gothic';\" href=\"https:\/\/www.akademikidea.org\/a-kitap\/r-ile-monte-carlo-sanal-deney-programlamaya-giris\/\"><img loading=\"lazy\" decoding=\"async\" class=\"alignnone size-full wp-image-1045\" src=\"https:\/\/www.akademikidea.org\/a-kitap\/wp-content\/uploads\/2017\/06\/logo-a-sohbet-e1516293169668.png\" alt=\"\" width=\"25\" height=\"25\" \/><\/a><\/div>\n<div><span style=\"outline-width: 0px; font-family: 'century gothic'; font-size: medium;\"><a href=\"http:\/\/www.akademikidea.org\/a-ders\/mod\/lesson\/view.php?id=78&amp;pageid=1&amp;startlastseen=yes\">Ata, Mustafa Y. (2019)<\/a> <em>Zaman Dizileri: Modelleme ve Kestirim<\/em>,<span style=\"color: #008080;\"><span style=\"caret-color: #008080;\"><b>\u00a0<\/b><\/span><\/span>a-kitap.<\/span><span style=\"font-family: 'century gothic'; font-size: medium;\">akademikidea<\/span><span style=\"font-family: 'century gothic'; font-size: medium;\">\u00a0<\/span><a style=\"font-family: 'century gothic';\" href=\"https:\/\/www.akademikidea.org\/a-kitap\/zaman-dizilerimodelleme-ve-kestirim\/\"><img loading=\"lazy\" decoding=\"async\" class=\"alignnone size-full wp-image-1045\" src=\"https:\/\/www.akademikidea.org\/a-kitap\/wp-content\/uploads\/2017\/06\/logo-a-sohbet-e1516293169668.png\" alt=\"\" width=\"25\" height=\"25\" \/><\/a><\/div>\n<div><span style=\"outline-width: 0px; font-family: 'century gothic'; font-size: medium;\"><a href=\"https:\/\/archive.org\/stream\/treatiseonmandev00quet#page\/41\/mode\/1up\">Quetelet, M. Adolphe (1842)<\/a> <em>A Treatise on Man and the Developement of His Faculties<\/em><\/span><\/div>\n<div><span style=\"outline-width: 0px; font-family: 'century gothic'; font-size: medium;\"> <a href=\"http:\/\/libgen.io\/_ads\/9A8FBEA28A52094D431F562D84FC0662\">Salsburg, \u00a0David S. (2017)<\/a> <em> Errors, Blunders, and Lies: How to Tell the Difference<\/em>, CRC Press Taylor &amp; Francis.<a href=\"https:\/\/www.akademikidea.org\/a-kitap\/dunyanin-gunese-uzakligi\/\"><img loading=\"lazy\" decoding=\"async\" class=\"alignnone size-full wp-image-1045\" src=\"https:\/\/www.akademikidea.org\/a-kitap\/wp-content\/uploads\/2017\/06\/logo-a-sohbet-e1516293169668.png\" alt=\"\" width=\"25\" height=\"25\" \/><\/a><\/span><\/div>\n<div><span style=\"outline-width: 0px; font-family: 'century gothic'; font-size: medium;\"><a href=\"https:\/\/www.akademikidea.org\/a-kitap\/docs\/category\/iciu\/\">Wald, Abraham (1942)<\/a> <em>\u0130statistiksel \u00c7\u0131kar\u0131m \u0130lkeleri \u00dczerine<\/em>,<span style=\"color: #008080;\"><span style=\"caret-color: #008080;\"><b>\u00a0<\/b><\/span><\/span>a-kitap.<\/span><span style=\"font-family: 'century gothic'; font-size: medium;\">akademikidea<\/span><span style=\"font-family: 'century gothic'; font-size: medium;\">\u00a0<\/span><a style=\"font-family: 'century gothic';\" href=\"https:\/\/www.akademikidea.org\/a-kitap\/istatistiksel-cikarim-ilkeleri-uzerine\/\/\"><img loading=\"lazy\" decoding=\"async\" class=\"alignnone size-full wp-image-1045\" src=\"https:\/\/www.akademikidea.org\/a-kitap\/wp-content\/uploads\/2017\/06\/logo-a-sohbet-e1516293169668.png\" alt=\"\" width=\"25\" height=\"25\" \/><\/a><\/div>\n<p><span style=\"font-size: 18pt;\"><span style=\"color: #339966;\"><strong><a href=\"#Katalog\"><span style=\"color: #008000;\">\u21d1<\/span><\/a><\/strong><\/span><\/span><\/p>\n<hr \/>\n<div id=\"mtmtk\">\n<h4><span style=\"color: #993300;\"><em><strong>Matematik<\/strong><\/em><\/span><\/h4>\n<\/div>\n<hr \/>\n<div><\/div>\n<div><\/div>\n<p><span style=\"font-size: 18pt;\"><a href=\"#Katalog\"><span style=\"color: #339966;\"><strong>\u21d1<\/strong><\/span><\/a><\/span><\/p>\n<hr \/>\n<div id=\"trh\">\n<h4><span style=\"color: #993300;\"><em><strong>Tarih<\/strong><\/em><\/span><\/h4>\n<\/div>\n<hr \/>\n<div><span style=\"outline-width: 0px; font-family: 'century gothic'; font-size: medium;\"><a href=\"https:\/\/play.google.com\/books\/reader?id=Y8DOAAAAMAAJ&amp;printsec=frontcover&amp;output=reader&amp;hl=tr&amp;pg=GBS.PP1\">Sprat, Thomas (1734)<\/a> The History of the Royal Society of London<\/span><\/div>\n<div><span style=\"outline-width: 0px; font-family: 'century gothic'; font-size: medium;\"><a href=\"http:\/\/gutenberg.net.au\/ebooks13\/1303551h.html\">Wells, H.G. (1903)<\/a> Mankind in the Making<\/span><\/div>\n<div><span style=\"outline-width: 0px; font-family: 'century gothic'; font-size: medium;\"> <a href=\"http:\/\/www.gutenberg.org\/files\/45368\/45368-h\/45368-h.htm#BOOK_I\">Wells, H.G. (1920)<\/a> The Outline of History: Being a Plain History of Life and Mankind<\/span><\/div>\n<p><span style=\"font-size: 18pt;\"><a href=\"#Katalog\"><span style=\"color: #339966;\"><strong>\u21d1<\/strong><\/span><\/a><\/span><\/p>\n<hr \/>\n<div id=\"ypyzk\">\n<h4><span style=\"color: #993300;\"><em><strong>Yapay Zeka<\/strong><\/em><\/span><\/h4>\n<\/div>\n<hr \/>\n<div><span style=\"outline-width: 0px; font-family: 'century gothic'; font-size: medium;\"><a href=\"https:\/\/www.udemy.com\/course\/applications-of-chatgpt-masterclass-for-teachers-and-edu\/learn\/lecture\/40083048#content\" target=\"_blank\" rel=\"noopener\">Williams, Matthew (2024)<\/a> Applications of ChatGPT, <a href=\"https:\/\/www.akademikidea.org\/a-kitap\/docs\/applications-of-chatgpt-masterclass-tutorial-for-teachers-and-educators\/\" target=\"_blank\" rel=\"noopener\">Mustafa Y. Ata (ed.)<\/a><\/span><\/div>\n<p><span style=\"font-size: 18pt;\"><a href=\"#Katalog\"><span style=\"color: #339966;\"><strong>\u21d1<\/strong><\/span><\/a><\/span><\/p>\n<hr \/>\n","protected":false},"excerpt":{"rendered":"<p>\u00e7evrim-i\u00e7i\u00a0belge yay\u0131nlama ve eri\u015fim ortam\u0131na ho\u015f geldiniz. Bu ortamda, akademikidea Toplulu\u011fu \u00fcyelerinin\u00a0\u00a0\u00e7evrim i\u00e7i\u00a0telif-derleme-\u00e7eviri yap\u0131tlar\u0131na ya da T\u00fcrk\u00e7e&#8217;ye \u00e7evrilmeye de\u011fer bulduklar\u0131 a\u00e7\u0131k eri\u015fimli kitap, makale, bildiri ve benzeri belgeleri bulacaks\u0131n\u0131z.\u00a0 \u00a0 \u00a0 \u2022\u00a0 Eri\u015fim sa\u011flanan yabanc\u0131 yazarl\u0131 yap\u0131tlar genellikle\u00a0uluslararas\u0131 ar\u015fivlerden\u00a0indirilebilir nitelikte\u00a0\u00a0ve telif hakk\u0131 kamuya ait olanlar aras\u0131ndan se\u00e7ilmektedir. Yazar\u0131\u00a0\u00a0akademikidea Toplulu\u011fu \u00fcyesi olan belgelerin ise yaln\u0131zca \u00e7evrim-i\u00e7i&#8230;<\/p>\n","protected":false},"author":4,"featured_media":0,"parent":1743,"menu_order":0,"comment_status":"closed","ping_status":"closed","template":"","meta":{"footnotes":""},"class_list":["post-387","page","type-page","status-publish","hentry"],"_links":{"self":[{"href":"https:\/\/www.akademikidea.org\/a-kitap\/wp-json\/wp\/v2\/pages\/387","targetHints":{"allow":["GET"]}}],"collection":[{"href":"https:\/\/www.akademikidea.org\/a-kitap\/wp-json\/wp\/v2\/pages"}],"about":[{"href":"https:\/\/www.akademikidea.org\/a-kitap\/wp-json\/wp\/v2\/types\/page"}],"author":[{"embeddable":true,"href":"https:\/\/www.akademikidea.org\/a-kitap\/wp-json\/wp\/v2\/users\/4"}],"replies":[{"embeddable":true,"href":"https:\/\/www.akademikidea.org\/a-kitap\/wp-json\/wp\/v2\/comments?post=387"}],"version-history":[{"count":160,"href":"https:\/\/www.akademikidea.org\/a-kitap\/wp-json\/wp\/v2\/pages\/387\/revisions"}],"predecessor-version":[{"id":2011,"href":"https:\/\/www.akademikidea.org\/a-kitap\/wp-json\/wp\/v2\/pages\/387\/revisions\/2011"}],"up":[{"embeddable":true,"href":"https:\/\/www.akademikidea.org\/a-kitap\/wp-json\/wp\/v2\/pages\/1743"}],"wp:attachment":[{"href":"https:\/\/www.akademikidea.org\/a-kitap\/wp-json\/wp\/v2\/media?parent=387"}],"curies":[{"name":"wp","href":"https:\/\/api.w.org\/{rel}","templated":true}]}}