{"id":458,"date":"2017-07-03T16:47:22","date_gmt":"2017-07-03T13:47:22","guid":{"rendered":"http:\/\/www.akademikidea.org\/a-kitap\/?page_id=458"},"modified":"2023-01-24T05:16:21","modified_gmt":"2023-01-24T02:16:21","slug":"a-sohbet","status":"publish","type":"page","link":"https:\/\/www.akademikidea.org\/a-kitap\/faaliyetler\/a-sohbet\/","title":{"rendered":"a-sohbet"},"content":{"rendered":"<p style=\"text-align: center;\"><b><span style=\"color: #008080; font-family: 'century gothic'; font-size: large;\">akademik<\/span><span style=\"color: #33cccc; font-family: 'century gothic'; font-size: large;\">idea<\/span><\/b><span style=\"color: #2e2e1f; font-family: century gothic; font-size: large;\">\u00ae\u00a0<span style=\"color: #008080;\"><strong>Toplulu\u011fu<\/strong><\/span>\u00a0\u00fcyelerinin\u00a0<strong><span style=\"color: #008080;\">a<span style=\"color: #33cccc;\">&#8211;<\/span><\/span><span style=\"color: #33cccc;\">ders\u00a0<span style=\"color: #008080;\">Kullan\u0131c\u0131lar\u0131<span style=\"color: #000000;\">,<\/span>\u00a0<\/span><\/span><\/strong>\u00a0<span style=\"color: #008080;\"><strong>\u00a0a-<\/strong><\/span><span style=\"color: #33cccc;\"><strong>kitap<\/strong><\/span>\u00a0<span style=\"color: #008080;\"><strong>Kullan\u0131c\u0131lar\u0131<\/strong><\/span>\u00a0ve\u00a0<\/span><strong style=\"color: #2e2e1f; font-family: 'century gothic'; font-size: large;\"><span style=\"color: #008080;\">a-<\/span><span style=\"color: #33cccc;\">sohbet<\/span><\/strong><span style=\"color: #008080; font-family: 'century gothic'; font-size: large;\">\u00a0<strong>Yorumcular\u0131<\/strong><\/span><span style=\"color: #2e2e1f; font-family: 'century gothic'; font-size: large;\"><span style=\"color: #008080;\">\u00a0<\/span>ile etkile\u015fimli yaz\u0131lar\u0131n\u0131n yay\u0131nland\u0131\u011f\u0131<\/span><\/p>\n<p><b><span style=\"color: #008080; font-family: 'century gothic'; font-size: large;\"><a href=\"https:\/\/www.akademikidea.org\/a-kitap\/wp-content\/uploads\/2017\/07\/a-sohbet3.png\"><img loading=\"lazy\" decoding=\"async\" class=\"size-medium wp-image-975 aligncenter\" src=\"https:\/\/www.akademikidea.org\/a-kitap\/wp-content\/uploads\/2017\/07\/a-sohbet3-300x37.png\" alt=\"\" width=\"300\" height=\"37\" srcset=\"https:\/\/www.akademikidea.org\/a-kitap\/wp-content\/uploads\/2017\/07\/a-sohbet3-300x37.png 300w, https:\/\/www.akademikidea.org\/a-kitap\/wp-content\/uploads\/2017\/07\/a-sohbet3-700x87.png 700w, https:\/\/www.akademikidea.org\/a-kitap\/wp-content\/uploads\/2017\/07\/a-sohbet3.png 728w\" sizes=\"auto, (max-width: 300px) 100vw, 300px\" \/><\/a><\/span><\/b><\/p>\n<p style=\"text-align: center;\"><span style=\"color: #2e2e1f; font-family: 'century gothic'; font-size: large;\">ortam\u0131na <\/span><span style=\"color: #2e2e1f; font-family: 'century gothic'; font-size: large;\">ho\u015f geldiniz.<\/span><\/p>\n<p><span style=\"font-family: 'century gothic'; font-size: medium;\"><strong><span style=\"color: #008080;\"> a-<\/span><span style=\"color: #33cccc;\">sohbet<\/span><\/strong> yaz\u0131lar\u0131n\u0131n, <span style=\"font-family: 'century gothic'; font-size: medium;\"><strong><span style=\"color: #008080;\"> a-<\/span><span style=\"color: #33cccc;\">sohbet<\/span> <span style=\"font-family: 'century gothic'; font-size: medium;\"><span style=\"color: #008080;\">Yorumcular\u0131 <\/span><\/span><\/strong> <\/span> taraf\u0131ndan eklenen yorumlarla geli\u015ferek <span style=\"color: #008080;\"><strong>a-<span style=\"color: #33cccc;\">kitap<\/span><\/strong><\/span> ortam\u0131nda bir makaleye evrilmesi ama\u00e7lanmaktad\u0131r.<\/span><\/p>\n<p><b><span style=\"color: #008080; font-family: 'century gothic'; font-size: medium;\">akademik<\/span><span style=\"color: #33cccc; font-family: 'century gothic'; font-size: medium;\">idea<\/span><\/b><span style=\"color: #2e2e1f; font-family: century gothic; font-size: medium;\">\u00ae <span style=\"color: #008080;\"><strong>Toplulu\u011fu<\/strong><\/span> \u00fcyelerinin ba\u015flatt\u0131\u011f\u0131 konulardaki<span style=\"color: #008080;\"><strong> a-<span style=\"color: #33cccc;\">sohbet<\/span><\/strong><\/span> yaz\u0131lar\u0131na ekledikleri yorumlar\u0131<em>\u00a0katk\u0131 de\u011ferinde bulunan<\/em> <span style=\"font-family: 'century gothic'; font-size: medium;\"><strong><span style=\"color: #008080;\"> a-<\/span><span style=\"color: #33cccc;\">sohbet<\/span> <span style=\"font-family: 'century gothic'; font-size: medium;\"><span style=\"color: #008080;\">Yorumcular\u0131<\/span><\/span><\/strong><\/span>&#8216;na, <span style=\"color: #33cccc;\"><strong><span style=\"color: #008080;\">a-<\/span>kitap<\/strong><\/span> ortam\u0131nda yay\u0131nlanacak makalede\u00a0ortak yazarl\u0131k \u00f6nerilir. Ortak yazar olan bir yorumcunun, giderek yazar ve <span style=\"color: #008080;\"><b>akademik<span style=\"color: #33cccc;\">idea<\/span><\/b><\/span>\u00ae <span style=\"color: #008080;\"><strong>Toplulu\u011fu<\/strong><\/span>\u00a0\u00fcyesi olmas\u0131 beklenir.<\/span><\/p>\n","protected":false},"excerpt":{"rendered":"<p>akademikidea\u00ae\u00a0Toplulu\u011fu\u00a0\u00fcyelerinin\u00a0a&#8211;ders\u00a0Kullan\u0131c\u0131lar\u0131,\u00a0\u00a0\u00a0a-kitap\u00a0Kullan\u0131c\u0131lar\u0131\u00a0ve\u00a0a-sohbet\u00a0Yorumcular\u0131\u00a0ile etkile\u015fimli yaz\u0131lar\u0131n\u0131n yay\u0131nland\u0131\u011f\u0131 ortam\u0131na ho\u015f geldiniz. a-sohbet yaz\u0131lar\u0131n\u0131n, a-sohbet Yorumcular\u0131 taraf\u0131ndan eklenen yorumlarla geli\u015ferek a-kitap ortam\u0131nda bir makaleye evrilmesi ama\u00e7lanmaktad\u0131r. akademikidea\u00ae Toplulu\u011fu \u00fcyelerinin ba\u015flatt\u0131\u011f\u0131 konulardaki a-sohbet yaz\u0131lar\u0131na ekledikleri yorumlar\u0131\u00a0katk\u0131 de\u011ferinde bulunan a-sohbet Yorumcular\u0131&#8216;na, a-kitap ortam\u0131nda yay\u0131nlanacak makalede\u00a0ortak yazarl\u0131k \u00f6nerilir. Ortak yazar olan bir yorumcunun, giderek yazar ve akademikidea\u00ae Toplulu\u011fu\u00a0\u00fcyesi olmas\u0131 beklenir.<\/p>\n","protected":false},"author":4,"featured_media":0,"parent":1743,"menu_order":0,"comment_status":"closed","ping_status":"closed","template":"","meta":{"footnotes":""},"class_list":["post-458","page","type-page","status-publish","hentry"],"_links":{"self":[{"href":"https:\/\/www.akademikidea.org\/a-kitap\/wp-json\/wp\/v2\/pages\/458","targetHints":{"allow":["GET"]}}],"collection":[{"href":"https:\/\/www.akademikidea.org\/a-kitap\/wp-json\/wp\/v2\/pages"}],"about":[{"href":"https:\/\/www.akademikidea.org\/a-kitap\/wp-json\/wp\/v2\/types\/page"}],"author":[{"embeddable":true,"href":"https:\/\/www.akademikidea.org\/a-kitap\/wp-json\/wp\/v2\/users\/4"}],"replies":[{"embeddable":true,"href":"https:\/\/www.akademikidea.org\/a-kitap\/wp-json\/wp\/v2\/comments?post=458"}],"version-history":[{"count":39,"href":"https:\/\/www.akademikidea.org\/a-kitap\/wp-json\/wp\/v2\/pages\/458\/revisions"}],"predecessor-version":[{"id":1776,"href":"https:\/\/www.akademikidea.org\/a-kitap\/wp-json\/wp\/v2\/pages\/458\/revisions\/1776"}],"up":[{"embeddable":true,"href":"https:\/\/www.akademikidea.org\/a-kitap\/wp-json\/wp\/v2\/pages\/1743"}],"wp:attachment":[{"href":"https:\/\/www.akademikidea.org\/a-kitap\/wp-json\/wp\/v2\/media?parent=458"}],"curies":[{"name":"wp","href":"https:\/\/api.w.org\/{rel}","templated":true}]}}