{"id":476,"date":"2017-07-06T12:51:47","date_gmt":"2017-07-06T09:51:47","guid":{"rendered":"http:\/\/www.akademikidea.org\/a-kitap\/?page_id=476"},"modified":"2023-01-23T18:09:21","modified_gmt":"2023-01-23T15:09:21","slug":"a-ders","status":"publish","type":"page","link":"https:\/\/www.akademikidea.org\/a-kitap\/faaliyetler\/a-ders\/","title":{"rendered":"a-ders"},"content":{"rendered":"<p style=\"text-align: center;\"><b><span style=\"color: #008080; font-family: 'century gothic'; font-size: large;\">akademik<\/span><span style=\"color: #33cccc; font-family: 'century gothic'; font-size: large;\">idea<\/span><\/b><span style=\"color: #2e2e1f; font-family: century gothic; font-size: large;\">\u00ae\u00a0<span style=\"color: #008080;\"><strong>Toplulu\u011fu<\/strong><\/span>\u00a0\u00fcyesi deneyimli akademisyenlerin tasarlad\u0131\u011f\u0131 ve y\u00fcr\u00fctt\u00fc\u011f\u00fc lisans ve lisans\u00fcst\u00fc d\u00fczeydeki a\u00e7\u0131k eri\u015fimli derslerin yer ald\u0131\u011f\u0131 <\/span><\/p>\n<p style=\"text-align: center;\"><b><span style=\"color: #008080; font-family: 'century gothic'; font-size: large;\"><a href=\"https:\/\/www.akademikidea.org\/a-kitap\/wp-content\/uploads\/2017\/07\/a-ders3.png\"><img loading=\"lazy\" decoding=\"async\" class=\"size-medium wp-image-973 aligncenter\" src=\"https:\/\/www.akademikidea.org\/a-kitap\/wp-content\/uploads\/2017\/07\/a-ders3-300x37.png\" alt=\"\" width=\"300\" height=\"37\" srcset=\"https:\/\/www.akademikidea.org\/a-kitap\/wp-content\/uploads\/2017\/07\/a-ders3-300x37.png 300w, https:\/\/www.akademikidea.org\/a-kitap\/wp-content\/uploads\/2017\/07\/a-ders3-700x87.png 700w, https:\/\/www.akademikidea.org\/a-kitap\/wp-content\/uploads\/2017\/07\/a-ders3.png 728w\" sizes=\"auto, (max-width: 300px) 100vw, 300px\" \/><\/a><\/span><\/b><\/p>\n<p style=\"text-align: center;\"><span style=\"color: #2e2e1f; font-family: century gothic; font-size: large;\">\u00f6\u011frenim ortam\u0131na\u00a0ho\u015f geldiniz.<\/span><\/p>\n<table style=\"height: 329px;\" width=\"611\">\n<tbody>\n<tr>\n<td><span style=\"font-family: century gothic; font-size: medium;\">Bu ortamdaki ders i\u00e7erikleri konuk eri\u015fimine a\u00e7\u0131k olmakla birlikte<\/span><span style=\"font-family: century gothic; font-size: medium;\">\u00a0\u00f6dev-uygulama-yoklama ve benzeri etkinliklere \u00f6\u011frenci olarak kat\u0131lmak isteyenlerin,\u00a0<span style=\"color: #008080;\"><strong><span class=\"ak\">akademik<\/span><\/strong><\/span><span class=\"idea\"><span style=\"color: #33cccc;\"><strong>idea<\/strong><\/span>\u00ae<\/span><span class=\"ak\">|<strong><span style=\"color: #33cccc;\"><span style=\"color: #008080;\">a-<\/span>ders<\/span> <span style=\"color: #008080;\">\u00f6\u011fretim y\u00f6netim sistemi<\/span><\/strong><\/span>&#8216;nde duyurulan zamanlarda\u00a0<strong><span class=\"ak\" style=\"color: #008080;\">akademik<\/span><\/strong><span class=\"idea\"><span style=\"color: #33cccc;\"><strong>idea<\/strong><\/span>\u00ae<\/span><span class=\"ak\">|<span style=\"color: #008080;\"><strong>a-<span style=\"color: #33cccc;\">ders<\/span><\/strong><\/span> kullan\u0131c\u0131s\u0131<\/span>\u00a0olmalar\u0131 ve a\u00e7\u0131lacak derslere \u00f6n kay\u0131t yapt\u0131rmalar\u0131 gerekir.<\/span><\/td>\n<td><a href=\"http:\/\/www.akademikidea.org\/a-ders\"><img decoding=\"async\" src=\"http:\/\/www.akademikidea.org\/assets\/images\/a-ders-lms.png\" \/><\/a><\/td>\n<\/tr>\n<\/tbody>\n<\/table>\n","protected":false},"excerpt":{"rendered":"<p>akademikidea\u00ae\u00a0Toplulu\u011fu\u00a0\u00fcyesi deneyimli akademisyenlerin tasarlad\u0131\u011f\u0131 ve y\u00fcr\u00fctt\u00fc\u011f\u00fc lisans ve lisans\u00fcst\u00fc d\u00fczeydeki a\u00e7\u0131k eri\u015fimli derslerin yer ald\u0131\u011f\u0131 \u00f6\u011frenim ortam\u0131na\u00a0ho\u015f geldiniz. Bu ortamdaki ders i\u00e7erikleri konuk eri\u015fimine a\u00e7\u0131k olmakla birlikte\u00a0\u00f6dev-uygulama-yoklama ve benzeri etkinliklere \u00f6\u011frenci olarak kat\u0131lmak isteyenlerin,\u00a0akademikidea\u00ae|a-ders \u00f6\u011fretim y\u00f6netim sistemi&#8216;nde duyurulan zamanlarda\u00a0akademikidea\u00ae|a-ders kullan\u0131c\u0131s\u0131\u00a0olmalar\u0131 ve a\u00e7\u0131lacak derslere \u00f6n kay\u0131t yapt\u0131rmalar\u0131 gerekir.<\/p>\n","protected":false},"author":4,"featured_media":0,"parent":1743,"menu_order":0,"comment_status":"closed","ping_status":"closed","template":"","meta":{"footnotes":""},"class_list":["post-476","page","type-page","status-publish","hentry"],"_links":{"self":[{"href":"https:\/\/www.akademikidea.org\/a-kitap\/wp-json\/wp\/v2\/pages\/476","targetHints":{"allow":["GET"]}}],"collection":[{"href":"https:\/\/www.akademikidea.org\/a-kitap\/wp-json\/wp\/v2\/pages"}],"about":[{"href":"https:\/\/www.akademikidea.org\/a-kitap\/wp-json\/wp\/v2\/types\/page"}],"author":[{"embeddable":true,"href":"https:\/\/www.akademikidea.org\/a-kitap\/wp-json\/wp\/v2\/users\/4"}],"replies":[{"embeddable":true,"href":"https:\/\/www.akademikidea.org\/a-kitap\/wp-json\/wp\/v2\/comments?post=476"}],"version-history":[{"count":49,"href":"https:\/\/www.akademikidea.org\/a-kitap\/wp-json\/wp\/v2\/pages\/476\/revisions"}],"predecessor-version":[{"id":982,"href":"https:\/\/www.akademikidea.org\/a-kitap\/wp-json\/wp\/v2\/pages\/476\/revisions\/982"}],"up":[{"embeddable":true,"href":"https:\/\/www.akademikidea.org\/a-kitap\/wp-json\/wp\/v2\/pages\/1743"}],"wp:attachment":[{"href":"https:\/\/www.akademikidea.org\/a-kitap\/wp-json\/wp\/v2\/media?parent=476"}],"curies":[{"name":"wp","href":"https:\/\/api.w.org\/{rel}","templated":true}]}}