{"id":490,"date":"2017-07-06T13:33:56","date_gmt":"2017-07-06T10:33:56","guid":{"rendered":"http:\/\/www.akademikidea.org\/a-kitap\/?page_id=490"},"modified":"2024-11-29T01:18:44","modified_gmt":"2024-11-28T22:18:44","slug":"mustafa-y-ata","status":"publish","type":"page","link":"https:\/\/www.akademikidea.org\/a-kitap\/mustafa-y-ata\/","title":{"rendered":"Mustafa Y. Ata"},"content":{"rendered":"<p><i><a href=\"https:\/\/www.akademikidea.org\/a-kitap\/wp-content\/uploads\/2017\/07\/MYATA.png\"><img loading=\"lazy\" decoding=\"async\" class=\"alignnone size-full wp-image-491\" src=\"https:\/\/www.akademikidea.org\/a-kitap\/wp-content\/uploads\/2017\/07\/MYATA.png\" alt=\"\" width=\"98\" height=\"113\" \/><\/a><\/i><br \/>\n<i>&#8220;Bir varm\u0131\u015f,<\/i><br \/>\n<i> Bir yokmu\u015f!&#8221; <\/i><\/p>\n<div style=\"padding-left: 30px;\"><span style=\"font-family: 'century gothic'; font-size: medium;\"><span style=\"font-family: 'century gothic'; font-size: medium;\">1949 y\u0131l\u0131nda Ankara&#8217;da do\u011fdu. \u0130lk, orta ve lise y\u0131llar\u0131 Anadolu&#8217;nun \u00e7e\u015fitli il ve il\u00e7elerinde ge\u00e7ti. 1966 y\u0131l\u0131nda <i>Ankara Kurtulu\u015f Lisesi<\/i>&#8216;nden mezun oldu. Ayn\u0131 y\u0131l ODT\u00dc Fizik B\u00f6l\u00fcm\u00fc&#8217;nde ba\u015flayan \u00fcniversite \u00f6\u011frenimini, ilk d\u00f6rt y\u0131l\u0131 \u00e7alkant\u0131l\u0131 ve s\u0131k\u0131nt\u0131larla dolu sekiz y\u0131ll\u0131k bir s\u00fcrede, yine ayn\u0131 \u00fcniversitenin Ekonomi ve \u0130statistik B\u00f6l\u00fcm\u00fc&#8217;nden birincilikle mezun olarak tamamlad\u0131.<\/span><\/span><\/div>\n<div><span style=\"font-family: 'century gothic'; font-size: medium;\">\u0130\u015f ya\u015fam\u0131na 1974&#8217;te <i>Ankara Ticaret ve Turizm Y\u00fcksek \u00d6\u011fretmen Okulu<\/i>&#8216;nda\u00a0 istatistik asistan\u0131 olarak ba\u015flad\u0131. 1978&#8217;de <i>Ankara \u0130ktisadi ve Ticari \u0130limler Akademisi (A.\u0130.T.\u0130.A.) Tatbiki Matematik K\u00fcrs\u00fcs\u00fc<\/i>&#8216;ne istatistik asistan\u0131 olarak atand\u0131. <\/span><\/div>\n<div style=\"padding-left: 30px;\"><span style=\"font-family: 'century gothic'; font-size: medium;\">1981-1982 \u00f6\u011fretim y\u0131l\u0131nda,\u00a0<\/span><span style=\"font-family: 'century gothic'; font-size: medium;\">konuk ara\u015ft\u0131rmac\u0131 olarak bulundu\u011fu\u00a0<\/span><span style=\"font-family: 'century gothic'; font-size: medium;\">ABD Wisconsin \u00dcniversitesi \u0130statistik B\u00f6l\u00fcm\u00fc&#8217;nde\u00a0 \u0130statistik Doktora Program\u0131 derslerini izledi.\u00a0<\/span><\/div>\n<div><span style=\"font-family: 'century gothic'; font-size: medium;\">1<\/span><span style=\"font-family: 'century gothic'; font-size: medium;\">982&#8217;de \u00f6\u011fretim g\u00f6revlisi olarak atand\u0131\u011f\u0131, <i>Gazi \u00dcniversitesi \u0130statistik B\u00f6l\u00fcm\u00fc<\/i>&#8216;nde 1995&#8217;ten 2009&#8217;a kadar yard\u0131mc\u0131 do\u00e7ent; 2009&#8217;dan 2014&#8217;e kadar do\u00e7ent; 2014&#8217;ten 2016&#8217;ya kadar profes\u00f6r \u00fcnvan\u0131 ile g\u00f6rev yapt\u0131ktan sonra ya\u015f haddi nedeniyle emekli oldu.<\/span><\/div>\n<div style=\"padding-left: 30px;\"><span style=\"font-family: 'century gothic'; font-size: medium;\">42 y\u0131ll\u0131k aktif akademik ya\u015fam\u0131n\u0131n son 6 ay\u0131nda,\u00a0\u00a0<\/span><span style=\"font-family: 'century gothic'; font-size: medium;\">uzun s\u00fcredir\u00a0 hayalini kurdu\u011fu ve\u00a0<\/span><span style=\"font-family: 'century gothic'; font-size: medium;\">kurumunun akademik kalitesinin y\u00fckselmesine b\u00fcy\u00fck katk\u0131s\u0131 olaca\u011f\u0131n\u0131 d\u00fc\u015f\u00fcnd\u00fc\u011f\u00fc\u00a0 bir\u00a0<em>istatistiksel dan\u0131\u015fmanl\u0131k merkez<\/em>inin kurulmas\u0131na\u00a0<\/span><span style=\"font-family: 'century gothic'; font-size: medium;\">sonunda\u00a0<\/span><span style=\"font-family: 'century gothic'; font-size: medium;\">y\u00f6netimi\u00a0 \u00a0ikna edebildi.<\/span><\/div>\n<div><span style=\"font-family: century gothic; font-size: medium;\"><i>En iyi \u00f6\u011frenme y\u00f6ntemi<\/i>nin \u00f6\u011frenmeye hevesli kendisinden daha gen\u00e7 \u00f6\u011frencilerle bilgi, deneyim ve becerilerini payla\u015fmak oldu\u011funu k\u0131rk y\u0131ldan daha fazla bir s\u00fcre deneyimledikten sonra, emeklilik d\u00f6neminde de \u00f6\u011frenimine ayn\u0131 \u015fekilde devam edebilece\u011fi ideal bir ortama ili\u015fkin hayallerinin; 2009&#8217;da\u00a0\u00a0<strong>istatistikselileti\u015fim<\/strong>\u00a0ve\u00a0 <strong>istatistikselidea<\/strong>,\u00a0 2012&#8217;de <strong><span style=\"color: #0f7996; font-family: century gothic; font-size: medium;\">akademik<\/span><span style=\"color: #33cccc; font-family: 'century gothic'; font-size: medium;\">idea<span class=\"idea\" style=\"color: #000000;\"><sup>\u00ae<\/sup><\/span><\/span><\/strong>\u00a0ad\u0131n\u0131 verdi\u011fi\u00a0\u00a0<\/span><span style=\"font-family: 'century gothic'; font-size: medium;\">\u00a0sanal d\u00fcnyadaki\u00a0 izd\u00fc\u015f\u00fcm\u00fc olan bu siteyi\u00a0 olu\u015fturmaya ba\u015flad\u0131.\u00a0<\/span><\/div>\n<div style=\"padding-left: 30px;\"><span style=\"font-family: 'century gothic'; font-size: medium;\">\u015eimdi, daha iyi ve g\u00fczel bir akademik ortam\u0131n \u00f6zlemini \u00e7eken ve b\u00f6yle bir ortam\u0131n olu\u015fumuna katk\u0131da bulunmak i\u00e7in\u00a0\u00a0<\/span><span style=\"font-family: 'century gothic'; font-size: medium;\">g\u00f6n\u00fcll\u00fc,<\/span><span style=\"font-family: 'century gothic'; font-size: medium;\">\u00a0&#8220;Fikri h\u00fcr, irfan\u0131 h\u00fcr, <\/span><span style=\"font-family: 'century gothic'; font-size: medium;\">vicdan\u0131\u00a0<\/span><span style=\"font-family: 'century gothic'; font-size: medium;\">h\u00fcr&#8221; di\u011fer <em>ger\u00e7ek<\/em> <em>\u00f6\u011frenciler<\/em>in <\/span><strong><span style=\"color: #0f7996; font-family: century gothic; font-size: medium;\">akademik<\/span><span style=\"color: #33cccc; font-family: 'century gothic'; font-size: medium;\">idea<\/span><\/strong><span style=\"color: #000000; font-family: 'century gothic'; font-size: medium;\"><sup>\u00ae<\/sup>&#8216;y\u0131 ke\u015ffetmelerini ve sahiplenmelerini bekliyor.<\/span><\/div>\n","protected":false},"excerpt":{"rendered":"<p>&#8220;Bir varm\u0131\u015f, Bir yokmu\u015f!&#8221; 1949 y\u0131l\u0131nda Ankara&#8217;da do\u011fdu. \u0130lk, orta ve lise y\u0131llar\u0131 Anadolu&#8217;nun \u00e7e\u015fitli il ve il\u00e7elerinde ge\u00e7ti. 1966 y\u0131l\u0131nda Ankara Kurtulu\u015f Lisesi&#8216;nden mezun oldu. Ayn\u0131 y\u0131l ODT\u00dc Fizik B\u00f6l\u00fcm\u00fc&#8217;nde ba\u015flayan \u00fcniversite \u00f6\u011frenimini, ilk d\u00f6rt y\u0131l\u0131 \u00e7alkant\u0131l\u0131 ve s\u0131k\u0131nt\u0131larla dolu sekiz y\u0131ll\u0131k bir s\u00fcrede, yine ayn\u0131 \u00fcniversitenin Ekonomi ve \u0130statistik B\u00f6l\u00fcm\u00fc&#8217;nden birincilikle mezun olarak&#8230;<\/p>\n","protected":false},"author":4,"featured_media":0,"parent":0,"menu_order":0,"comment_status":"closed","ping_status":"closed","template":"","meta":{"footnotes":""},"class_list":["post-490","page","type-page","status-publish","hentry"],"_links":{"self":[{"href":"https:\/\/www.akademikidea.org\/a-kitap\/wp-json\/wp\/v2\/pages\/490","targetHints":{"allow":["GET"]}}],"collection":[{"href":"https:\/\/www.akademikidea.org\/a-kitap\/wp-json\/wp\/v2\/pages"}],"about":[{"href":"https:\/\/www.akademikidea.org\/a-kitap\/wp-json\/wp\/v2\/types\/page"}],"author":[{"embeddable":true,"href":"https:\/\/www.akademikidea.org\/a-kitap\/wp-json\/wp\/v2\/users\/4"}],"replies":[{"embeddable":true,"href":"https:\/\/www.akademikidea.org\/a-kitap\/wp-json\/wp\/v2\/comments?post=490"}],"version-history":[{"count":60,"href":"https:\/\/www.akademikidea.org\/a-kitap\/wp-json\/wp\/v2\/pages\/490\/revisions"}],"predecessor-version":[{"id":2598,"href":"https:\/\/www.akademikidea.org\/a-kitap\/wp-json\/wp\/v2\/pages\/490\/revisions\/2598"}],"wp:attachment":[{"href":"https:\/\/www.akademikidea.org\/a-kitap\/wp-json\/wp\/v2\/media?parent=490"}],"curies":[{"name":"wp","href":"https:\/\/api.w.org\/{rel}","templated":true}]}}